{"id":1920,"date":"2025-07-03T23:14:08","date_gmt":"2025-07-03T23:14:08","guid":{"rendered":"https:\/\/energycapital.ie\/?page_id=1920"},"modified":"2025-08-13T19:01:57","modified_gmt":"2025-08-13T19:01:57","slug":"politica-de-privacidad-2","status":"publish","type":"page","link":"https:\/\/energycapital.ie\/es\/politica-de-privacidad-2\/","title":{"rendered":"Pol\u00edtica de privacidad"},"content":{"rendered":"\t\t<div data-elementor-type=\"wp-page\" data-elementor-id=\"1920\" class=\"elementor elementor-1920 elementor-1919\" data-elementor-post-type=\"page\">\n\t\t\t\t<div class=\"elementor-element elementor-element-7fbc6abf e-flex e-con-boxed e-con e-parent\" data-id=\"7fbc6abf\" data-element_type=\"container\" data-settings=\"{&quot;background_background&quot;:&quot;classic&quot;}\">\n\t\t\t\t\t<div class=\"e-con-inner\">\n\t\t\t\t<div class=\"elementor-element elementor-element-780454f5 elementor-widget elementor-widget-text-editor\" data-id=\"780454f5\" data-element_type=\"widget\" data-widget_type=\"text-editor.default\">\n\t\t\t\t<div class=\"elementor-widget-container\">\n\t\t\t\t\t\t\t\t\t<p><b>Pol\u00edtica de privacidad de Irish Energy Capital Management<\/b><\/p><p><b>Fecha de entrada en vigor:<\/b><span style=\"font-weight: 400;\"> 11 de noviembre de 2024<\/span><\/p><p><span style=\"font-weight: 400;\">Irish Energy Capital Management Respeta tu privacidad y se compromete a protegerla mediante el cumplimiento de esta Pol\u00edtica de Privacidad. Esta pol\u00edtica describe los tipos de informaci\u00f3n que podemos recopilar de ti o que puedes proporcionarnos cuando visitas nuestro sitio web, energycapital.ie, y nuestras pr\u00e1cticas para recopilar, utilizar, mantener, proteger y divulgar dicha informaci\u00f3n. <\/span><\/p><p><span style=\"font-weight: 400;\">Al acceder o utilizar nuestro Sitio Web, aceptas esta Pol\u00edtica de Privacidad. Si no est\u00e1s de acuerdo con nuestras pol\u00edticas y pr\u00e1cticas, no utilices nuestro Sitio Web. <\/span><\/p><h3><b>1. Informaci\u00f3n que recogemos<\/b><\/h3><p><span style=\"font-weight: 400;\">Podemos recoger y procesar los siguientes tipos de informaci\u00f3n de nuestros usuarios:<\/span><\/p><ul><li style=\"font-weight: 400;\" aria-level=\"1\"><b>Informaci\u00f3n de identificaci\u00f3n personal<\/b><span style=\"font-weight: 400;\">: Nombre, direcci\u00f3n de correo electr\u00f3nico, n\u00famero de tel\u00e9fono o cualquier otro identificador por el que se te pueda contactar en l\u00ednea o fuera de l\u00ednea.<\/span><\/li><li style=\"font-weight: 400;\" aria-level=\"1\"><b>Informaci\u00f3n no personal<\/b><span style=\"font-weight: 400;\">: Informaci\u00f3n sobre tu conexi\u00f3n a Internet, el equipo que utilizas para acceder a nuestro Sitio Web y detalles de uso.<\/span><\/li><li style=\"font-weight: 400;\" aria-level=\"1\"><b>Informaci\u00f3n recopilada autom\u00e1ticamente<\/b><span style=\"font-weight: 400;\">: Mientras navegas por el Sitio Web, podemos recopilar informaci\u00f3n utilizando cookies, balizas web u otras tecnolog\u00edas de seguimiento.<\/span><\/li><\/ul><h3><b>2. C\u00f3mo utilizamos tu informaci\u00f3n<\/b><\/h3><p><span style=\"font-weight: 400;\">Utilizamos la informaci\u00f3n que recogemos para<\/span><\/p><ul><li style=\"font-weight: 400;\" aria-level=\"1\"><span style=\"font-weight: 400;\">Proporcionar, operar y mantener nuestro Sitio Web.<\/span><\/li><li style=\"font-weight: 400;\" aria-level=\"1\"><span style=\"font-weight: 400;\">Mejorar nuestro Sitio Web, productos y servicios.<\/span><\/li><li style=\"font-weight: 400;\" aria-level=\"1\"><span style=\"font-weight: 400;\">Procesar transacciones y comunicarnos contigo.<\/span><\/li><li style=\"font-weight: 400;\" aria-level=\"1\"><span style=\"font-weight: 400;\">Personalizar tu experiencia en nuestro Sitio Web.<\/span><\/li><li style=\"font-weight: 400;\" aria-level=\"1\"><span style=\"font-weight: 400;\">Cumplir con las obligaciones legales y proteger la seguridad de nuestros usuarios.<\/span><\/li><\/ul><h3><b>3. Divulgaci\u00f3n de tu informaci\u00f3n<\/b><\/h3><p><span style=\"font-weight: 400;\">Podemos compartir tu informaci\u00f3n personal:<\/span><\/p><ul><li style=\"font-weight: 400;\" aria-level=\"1\"><b>Con los proveedores de servicios<\/b><span style=\"font-weight: 400;\">: Podemos emplear a terceras empresas para facilitar nuestro Sitio Web <\/span><span style=\"font-weight: 400;\">y realizar servicios relacionados con el Sitio Web.<\/span><\/li><li style=\"font-weight: 400;\" aria-level=\"1\"><b>A efectos legales<\/b><span style=\"font-weight: 400;\">: Podemos revelar informaci\u00f3n en respuesta a una citaci\u00f3n, orden judicial u otra solicitud gubernamental.<\/span><\/li><\/ul><h3><b>4. Seguridad de los datos<\/b><\/h3><p><span style=\"font-weight: 400;\">Utilizamos medidas comercialmente razonables para proteger tus datos personales frente a p\u00e9rdidas accidentales y accesos no autorizados. Sin embargo, ten en cuenta que ninguna transmisi\u00f3n de datos por Internet es completamente segura. <\/span><\/p><h3><b>5. Conservaci\u00f3n de datos<\/b><\/h3><p><span style=\"font-weight: 400;\">Conservamos tus datos personales s\u00f3lo durante el tiempo necesario para cumplir los fines para los que los recopilamos, incluido el cumplimiento de cualquier requisito legal o de informaci\u00f3n.<\/span><\/p><h3><b>6. Tus derechos de privacidad<\/b><\/h3><p><span style=\"font-weight: 400;\">Dependiendo de tu ubicaci\u00f3n, puedes tener los siguientes derechos:<\/span><\/p><ul><li style=\"font-weight: 400;\" aria-level=\"1\"><b>Accede a<\/b><span style=\"font-weight: 400;\">: Solicitar acceso a tu informaci\u00f3n personal.<\/span><\/li><li style=\"font-weight: 400;\" aria-level=\"1\"><b>Correcci\u00f3n<\/b><span style=\"font-weight: 400;\">: Solicitar la rectificaci\u00f3n de tus datos personales si son inexactos o incompletos.<\/span><\/li><li style=\"font-weight: 400;\" aria-level=\"1\"><b>Supresi\u00f3n<\/b><span style=\"font-weight: 400;\">: Solicitar la supresi\u00f3n de tus datos personales.<\/span><\/li><\/ul><p><span style=\"font-weight: 400;\">Para ejercer estos derechos, ponte en contacto con nosotros en <b>info@energycapital.ie<\/b>.<\/span><\/p><h3><b>7. Enlaces de terceros<\/b><\/h3><p><span style=\"font-weight: 400;\">Nuestro Sitio Web puede contener enlaces a sitios web de terceros. Esta Pol\u00edtica de Privacidad no se aplica a estos sitios externos, y te recomendamos que revises las pol\u00edticas de privacidad de los sitios de terceros que visites. <\/span><\/p><h3><b>8. Cambios en nuestra Pol\u00edtica de Privacidad<\/b><\/h3><p><span style=\"font-weight: 400;\">Podemos actualizar nuestra Pol\u00edtica de Privacidad peri\u00f3dicamente. Te notificaremos cualquier cambio publicando la nueva Pol\u00edtica de Privacidad en esta p\u00e1gina con una fecha de entrada en vigor actualizada. <\/span><\/p>\t\t\t\t\t\t\t\t<\/div>\n\t\t\t\t<\/div>\n\t\t\t\t\t<\/div>\n\t\t\t\t<\/div>\n\t\t\t\t<\/div>\n\t\t","protected":false},"excerpt":{"rendered":"<p>Pol\u00edtica de privacidad de Irish Energy Capital Management Fecha de entrada en vigor: 11 de noviembre de 2024 Irish Energy Capital Management Respeta tu privacidad y se compromete a protegerla mediante el cumplimiento de esta Pol\u00edtica de Privacidad. Esta pol\u00edtica describe los tipos de informaci\u00f3n que podemos recopilar de ti o que puedes proporcionarnos cuando [&hellip;]<\/p>\n","protected":false},"author":4,"featured_media":1854,"parent":0,"menu_order":0,"comment_status":"closed","ping_status":"closed","template":"","meta":{"footnotes":""},"class_list":["post-1920","page","type-page","status-publish","has-post-thumbnail","hentry"],"yoast_head":"<!-- This site is optimized with the Yoast SEO plugin v25.3.1 - https:\/\/yoast.com\/wordpress\/plugins\/seo\/ -->\n<title>Pol\u00edtica de privacidad - Energy Capital<\/title>\n<meta name=\"description\" content=\"De plataformas de \u00faltima generaci\u00f3n hasta flotas vers\u00e1tiles, Irish Energy Capital Management ofrece experiencia, seguridad y sostenibilidad.\" \/>\n<meta name=\"robots\" content=\"index, follow, max-snippet:-1, max-image-preview:large, max-video-preview:-1\" \/>\n<link rel=\"canonical\" href=\"https:\/\/energycapital.ie\/es\/politica-de-privacidad-2\/\" \/>\n<meta property=\"og:locale\" content=\"es_ES\" \/>\n<meta property=\"og:type\" content=\"article\" \/>\n<meta property=\"og:title\" content=\"Impulsando el progreso en el sector energ\u00e9tico\" \/>\n<meta property=\"og:description\" content=\"Desde plataformas de \u00faltima generaci\u00f3n hasta flotas vers\u00e1tiles, Irish Energy Capital Management ofrece experiencia, seguridad y sostenibilidad inigualables. Construyamos un futuro donde la innovaci\u00f3n genere impacto.\" \/>\n<meta property=\"og:url\" content=\"https:\/\/energycapital.ie\/es\/politica-de-privacidad-2\/\" \/>\n<meta property=\"og:site_name\" content=\"Energy Capital\" \/>\n<meta property=\"article:modified_time\" content=\"2025-08-13T19:01:57+00:00\" \/>\n<meta property=\"og:image\" content=\"https:\/\/energycapital.ie\/wp-content\/uploads\/2024\/12\/IRISH_SEO.jpg\" \/>\n\t<meta property=\"og:image:width\" content=\"1200\" \/>\n\t<meta property=\"og:image:height\" content=\"630\" \/>\n\t<meta property=\"og:image:type\" content=\"image\/jpeg\" \/>\n<meta name=\"twitter:card\" content=\"summary_large_image\" \/>\n<meta name=\"twitter:title\" content=\"Impulsando el progreso en el sector energ\u00e9tico\" \/>\n<meta name=\"twitter:description\" content=\"Desde plataformas de \u00faltima generaci\u00f3n hasta flotas vers\u00e1tiles, Irish Energy Capital Management ofrece experiencia, seguridad y sostenibilidad inigualables. Construyamos un futuro donde la innovaci\u00f3n genere impacto.\" \/>\n<meta name=\"twitter:image\" content=\"https:\/\/energycapital.ie\/wp-content\/uploads\/2024\/12\/IRISH_SEO.jpg\" \/>\n<meta name=\"twitter:label1\" content=\"Tiempo de lectura\" \/>\n\t<meta name=\"twitter:data1\" content=\"3 minutos\" \/>\n<script type=\"application\/ld+json\" class=\"yoast-schema-graph\">{\"@context\":\"https:\/\/schema.org\",\"@graph\":[{\"@type\":\"WebPage\",\"@id\":\"https:\/\/energycapital.ie\/es\/politica-de-privacidad-2\/\",\"url\":\"https:\/\/energycapital.ie\/es\/politica-de-privacidad-2\/\",\"name\":\"Pol\u00edtica de privacidad - Energy Capital\",\"isPartOf\":{\"@id\":\"https:\/\/energycapital.ie\/es\/#website\"},\"primaryImageOfPage\":{\"@id\":\"https:\/\/energycapital.ie\/es\/politica-de-privacidad-2\/#primaryimage\"},\"image\":{\"@id\":\"https:\/\/energycapital.ie\/es\/politica-de-privacidad-2\/#primaryimage\"},\"thumbnailUrl\":\"https:\/\/energycapital.ie\/wp-content\/uploads\/2024\/12\/IRISH_SEO.jpg\",\"datePublished\":\"2025-07-03T23:14:08+00:00\",\"dateModified\":\"2025-08-13T19:01:57+00:00\",\"description\":\"De plataformas de \u00faltima generaci\u00f3n hasta flotas vers\u00e1tiles, Irish Energy Capital Management ofrece experiencia, seguridad y sostenibilidad.\",\"breadcrumb\":{\"@id\":\"https:\/\/energycapital.ie\/es\/politica-de-privacidad-2\/#breadcrumb\"},\"inLanguage\":\"es\",\"potentialAction\":[{\"@type\":\"ReadAction\",\"target\":[\"https:\/\/energycapital.ie\/es\/politica-de-privacidad-2\/\"]}]},{\"@type\":\"ImageObject\",\"inLanguage\":\"es\",\"@id\":\"https:\/\/energycapital.ie\/es\/politica-de-privacidad-2\/#primaryimage\",\"url\":\"https:\/\/energycapital.ie\/wp-content\/uploads\/2024\/12\/IRISH_SEO.jpg\",\"contentUrl\":\"https:\/\/energycapital.ie\/wp-content\/uploads\/2024\/12\/IRISH_SEO.jpg\",\"width\":1200,\"height\":630},{\"@type\":\"BreadcrumbList\",\"@id\":\"https:\/\/energycapital.ie\/es\/politica-de-privacidad-2\/#breadcrumb\",\"itemListElement\":[{\"@type\":\"ListItem\",\"position\":1,\"name\":\"Home\",\"item\":\"https:\/\/energycapital.ie\/es\/\"},{\"@type\":\"ListItem\",\"position\":2,\"name\":\"Pol\u00edtica de privacidad\"}]},{\"@type\":\"WebSite\",\"@id\":\"https:\/\/energycapital.ie\/es\/#website\",\"url\":\"https:\/\/energycapital.ie\/es\/\",\"name\":\"Energy Capital\",\"description\":\"\",\"publisher\":{\"@id\":\"https:\/\/energycapital.ie\/es\/#organization\"},\"potentialAction\":[{\"@type\":\"SearchAction\",\"target\":{\"@type\":\"EntryPoint\",\"urlTemplate\":\"https:\/\/energycapital.ie\/es\/?s={search_term_string}\"},\"query-input\":{\"@type\":\"PropertyValueSpecification\",\"valueRequired\":true,\"valueName\":\"search_term_string\"}}],\"inLanguage\":\"es\"},{\"@type\":\"Organization\",\"@id\":\"https:\/\/energycapital.ie\/es\/#organization\",\"name\":\"Energy Capital\",\"url\":\"https:\/\/energycapital.ie\/es\/\",\"logo\":{\"@type\":\"ImageObject\",\"inLanguage\":\"es\",\"@id\":\"https:\/\/energycapital.ie\/es\/#\/schema\/logo\/image\/\",\"url\":\"https:\/\/energycapital.ie\/wp-content\/uploads\/2024\/09\/IRISH-ENERGY-logo-2.png\",\"contentUrl\":\"https:\/\/energycapital.ie\/wp-content\/uploads\/2024\/09\/IRISH-ENERGY-logo-2.png\",\"width\":800,\"height\":321,\"caption\":\"Energy Capital\"},\"image\":{\"@id\":\"https:\/\/energycapital.ie\/es\/#\/schema\/logo\/image\/\"}}]}<\/script>\n<!-- \/ Yoast SEO plugin. -->","yoast_head_json":{"title":"Pol\u00edtica de privacidad - Energy Capital","description":"De plataformas de \u00faltima generaci\u00f3n hasta flotas vers\u00e1tiles, Irish Energy Capital Management ofrece experiencia, seguridad y sostenibilidad.","robots":{"index":"index","follow":"follow","max-snippet":"max-snippet:-1","max-image-preview":"max-image-preview:large","max-video-preview":"max-video-preview:-1"},"canonical":"https:\/\/energycapital.ie\/es\/politica-de-privacidad-2\/","og_locale":"es_ES","og_type":"article","og_title":"Impulsando el progreso en el sector energ\u00e9tico","og_description":"Desde plataformas de \u00faltima generaci\u00f3n hasta flotas vers\u00e1tiles, Irish Energy Capital Management ofrece experiencia, seguridad y sostenibilidad inigualables. Construyamos un futuro donde la innovaci\u00f3n genere impacto.","og_url":"https:\/\/energycapital.ie\/es\/politica-de-privacidad-2\/","og_site_name":"Energy Capital","article_modified_time":"2025-08-13T19:01:57+00:00","og_image":[{"width":1200,"height":630,"url":"https:\/\/energycapital.ie\/wp-content\/uploads\/2024\/12\/IRISH_SEO.jpg","type":"image\/jpeg"}],"twitter_card":"summary_large_image","twitter_title":"Impulsando el progreso en el sector energ\u00e9tico","twitter_description":"Desde plataformas de \u00faltima generaci\u00f3n hasta flotas vers\u00e1tiles, Irish Energy Capital Management ofrece experiencia, seguridad y sostenibilidad inigualables. Construyamos un futuro donde la innovaci\u00f3n genere impacto.","twitter_image":"https:\/\/energycapital.ie\/wp-content\/uploads\/2024\/12\/IRISH_SEO.jpg","twitter_misc":{"Tiempo de lectura":"3 minutos"},"schema":{"@context":"https:\/\/schema.org","@graph":[{"@type":"WebPage","@id":"https:\/\/energycapital.ie\/es\/politica-de-privacidad-2\/","url":"https:\/\/energycapital.ie\/es\/politica-de-privacidad-2\/","name":"Pol\u00edtica de privacidad - Energy Capital","isPartOf":{"@id":"https:\/\/energycapital.ie\/es\/#website"},"primaryImageOfPage":{"@id":"https:\/\/energycapital.ie\/es\/politica-de-privacidad-2\/#primaryimage"},"image":{"@id":"https:\/\/energycapital.ie\/es\/politica-de-privacidad-2\/#primaryimage"},"thumbnailUrl":"https:\/\/energycapital.ie\/wp-content\/uploads\/2024\/12\/IRISH_SEO.jpg","datePublished":"2025-07-03T23:14:08+00:00","dateModified":"2025-08-13T19:01:57+00:00","description":"De plataformas de \u00faltima generaci\u00f3n hasta flotas vers\u00e1tiles, Irish Energy Capital Management ofrece experiencia, seguridad y sostenibilidad.","breadcrumb":{"@id":"https:\/\/energycapital.ie\/es\/politica-de-privacidad-2\/#breadcrumb"},"inLanguage":"es","potentialAction":[{"@type":"ReadAction","target":["https:\/\/energycapital.ie\/es\/politica-de-privacidad-2\/"]}]},{"@type":"ImageObject","inLanguage":"es","@id":"https:\/\/energycapital.ie\/es\/politica-de-privacidad-2\/#primaryimage","url":"https:\/\/energycapital.ie\/wp-content\/uploads\/2024\/12\/IRISH_SEO.jpg","contentUrl":"https:\/\/energycapital.ie\/wp-content\/uploads\/2024\/12\/IRISH_SEO.jpg","width":1200,"height":630},{"@type":"BreadcrumbList","@id":"https:\/\/energycapital.ie\/es\/politica-de-privacidad-2\/#breadcrumb","itemListElement":[{"@type":"ListItem","position":1,"name":"Home","item":"https:\/\/energycapital.ie\/es\/"},{"@type":"ListItem","position":2,"name":"Pol\u00edtica de privacidad"}]},{"@type":"WebSite","@id":"https:\/\/energycapital.ie\/es\/#website","url":"https:\/\/energycapital.ie\/es\/","name":"Energy Capital","description":"","publisher":{"@id":"https:\/\/energycapital.ie\/es\/#organization"},"potentialAction":[{"@type":"SearchAction","target":{"@type":"EntryPoint","urlTemplate":"https:\/\/energycapital.ie\/es\/?s={search_term_string}"},"query-input":{"@type":"PropertyValueSpecification","valueRequired":true,"valueName":"search_term_string"}}],"inLanguage":"es"},{"@type":"Organization","@id":"https:\/\/energycapital.ie\/es\/#organization","name":"Energy Capital","url":"https:\/\/energycapital.ie\/es\/","logo":{"@type":"ImageObject","inLanguage":"es","@id":"https:\/\/energycapital.ie\/es\/#\/schema\/logo\/image\/","url":"https:\/\/energycapital.ie\/wp-content\/uploads\/2024\/09\/IRISH-ENERGY-logo-2.png","contentUrl":"https:\/\/energycapital.ie\/wp-content\/uploads\/2024\/09\/IRISH-ENERGY-logo-2.png","width":800,"height":321,"caption":"Energy Capital"},"image":{"@id":"https:\/\/energycapital.ie\/es\/#\/schema\/logo\/image\/"}}]}},"_links":{"self":[{"href":"https:\/\/energycapital.ie\/es\/wp-json\/wp\/v2\/pages\/1920","targetHints":{"allow":["GET"]}}],"collection":[{"href":"https:\/\/energycapital.ie\/es\/wp-json\/wp\/v2\/pages"}],"about":[{"href":"https:\/\/energycapital.ie\/es\/wp-json\/wp\/v2\/types\/page"}],"author":[{"embeddable":true,"href":"https:\/\/energycapital.ie\/es\/wp-json\/wp\/v2\/users\/4"}],"replies":[{"embeddable":true,"href":"https:\/\/energycapital.ie\/es\/wp-json\/wp\/v2\/comments?post=1920"}],"version-history":[{"count":5,"href":"https:\/\/energycapital.ie\/es\/wp-json\/wp\/v2\/pages\/1920\/revisions"}],"predecessor-version":[{"id":2454,"href":"https:\/\/energycapital.ie\/es\/wp-json\/wp\/v2\/pages\/1920\/revisions\/2454"}],"wp:featuredmedia":[{"embeddable":true,"href":"https:\/\/energycapital.ie\/es\/wp-json\/wp\/v2\/media\/1854"}],"wp:attachment":[{"href":"https:\/\/energycapital.ie\/es\/wp-json\/wp\/v2\/media?parent=1920"}],"curies":[{"name":"wp","href":"https:\/\/api.w.org\/{rel}","templated":true}]}}