{"id":1906,"date":"2025-07-03T23:10:14","date_gmt":"2025-07-03T23:10:14","guid":{"rendered":"https:\/\/energycapital.ie\/?page_id=1906"},"modified":"2025-08-22T19:40:17","modified_gmt":"2025-08-22T19:40:17","slug":"sobre-nosotros-2","status":"publish","type":"page","link":"https:\/\/energycapital.ie\/es\/sobre-nosotros-2\/","title":{"rendered":"Sobre nosotros"},"content":{"rendered":"\t\t<div data-elementor-type=\"wp-page\" data-elementor-id=\"1906\" class=\"elementor elementor-1906 elementor-1905\" data-elementor-post-type=\"page\">\n\t\t\t\t<div class=\"elementor-element elementor-element-c356eab e-con-full e-flex elementor-invisible e-con e-parent\" data-id=\"c356eab\" data-element_type=\"container\" id=\"topHeader\" data-settings=\"{&quot;background_background&quot;:&quot;classic&quot;,&quot;animation&quot;:&quot;fadeIn&quot;,&quot;background_motion_fx_motion_fx_scrolling&quot;:&quot;yes&quot;,&quot;background_motion_fx_translateY_effect&quot;:&quot;yes&quot;,&quot;background_motion_fx_translateY_direction&quot;:&quot;negative&quot;,&quot;background_motion_fx_translateY_speed&quot;:{&quot;unit&quot;:&quot;px&quot;,&quot;size&quot;:5,&quot;sizes&quot;:[]},&quot;background_motion_fx_translateY_affectedRange&quot;:{&quot;unit&quot;:&quot;%&quot;,&quot;size&quot;:&quot;&quot;,&quot;sizes&quot;:{&quot;start&quot;:0,&quot;end&quot;:100}},&quot;background_motion_fx_devices&quot;:[&quot;desktop&quot;,&quot;tablet&quot;,&quot;mobile&quot;]}\">\n\t\t\t\t<div class=\"elementor-element elementor-element-28930cc elementor-widget elementor-widget-heading\" data-id=\"28930cc\" data-element_type=\"widget\" data-widget_type=\"heading.default\">\n\t\t\t\t<div class=\"elementor-widget-container\">\n\t\t\t\t\t<h2 class=\"elementor-heading-title elementor-size-default\">Un legado de innovaci\u00f3n y liderazgo\n<\/h2>\t\t\t\t<\/div>\n\t\t\t\t<\/div>\n\t\t\t\t<\/div>\n\t\t<div class=\"elementor-element elementor-element-30bdf83 e-flex e-con-boxed e-con e-parent\" data-id=\"30bdf83\" data-element_type=\"container\" data-settings=\"{&quot;background_background&quot;:&quot;classic&quot;}\">\n\t\t\t\t\t<div class=\"e-con-inner\">\n\t\t<div class=\"elementor-element elementor-element-facb638 e-con-full e-flex e-con e-child\" data-id=\"facb638\" data-element_type=\"container\">\n\t\t<div class=\"elementor-element elementor-element-02a0977 e-con-full e-flex elementor-invisible e-con e-child\" data-id=\"02a0977\" data-element_type=\"container\" data-settings=\"{&quot;animation&quot;:&quot;fadeIn&quot;,&quot;animation_delay&quot;:300}\">\n\t\t\t\t<div class=\"elementor-element elementor-element-4fdbbe2 elementor-widget elementor-widget-text-editor\" data-id=\"4fdbbe2\" data-element_type=\"widget\" data-widget_type=\"text-editor.default\">\n\t\t\t\t<div class=\"elementor-widget-container\">\n\t\t\t\t\t\t\t\t\t<p>NUESTRA HISTORIA<\/p>\t\t\t\t\t\t\t\t<\/div>\n\t\t\t\t<\/div>\n\t\t\t\t<div class=\"elementor-element elementor-element-7f56c4d elementor-widget elementor-widget-text-editor\" data-id=\"7f56c4d\" data-element_type=\"widget\" data-widget_type=\"text-editor.default\">\n\t\t\t\t<div class=\"elementor-widget-container\">\n\t\t\t\t\t\t\t\t\t<p><span style=\"font-weight: 400;\">Fundada en Dubl\u00edn (Irlanda) en 2011, Irish Energy Capital Management es algo m\u00e1s que una empresa de gesti\u00f3n de activos. Somos una fuerza visionaria que da forma al futuro de la energ\u00eda. Nuestro equipo de pioneros del sector aporta una mezcla \u00fanica de experiencia, innovaci\u00f3n y pasi\u00f3n. Con un enfoque implacable en ofrecer un valor excepcional, estamos impulsando el sector y creando un futuro sostenible para las generaciones venideras.   <\/span><\/p><p><span style=\"font-weight: 400;\">Creemos que una gesti\u00f3n eficaz de los activos es crucial para crear valor, permitir el desarrollo e impulsar el crecimiento sostenible. Nuestro incomparable conjunto de activos, combinado con nuestra completa gama de servicios, garantiza la seguridad, la fiabilidad y el cumplimiento en este mercado en r\u00e1pida evoluci\u00f3n. <\/span><\/p><p><span style=\"font-weight: 400;\">Aprovechando las tecnolog\u00edas avanzadas y el an\u00e1lisis de datos, estamos optimizando los procesos y maximizando la eficiencia. Nuestro equipo de expertos se dedica a identificar oportunidades de mejora y a implantar soluciones que impulsen la creaci\u00f3n de valor y mejoren los flujos de trabajo operativos. <\/span><\/p>\t\t\t\t\t\t\t\t<\/div>\n\t\t\t\t<\/div>\n\t\t\t\t<\/div>\n\t\t<div class=\"elementor-element elementor-element-c6cdf10 e-con-full e-flex elementor-invisible e-con e-child\" data-id=\"c6cdf10\" data-element_type=\"container\" data-settings=\"{&quot;animation&quot;:&quot;fadeIn&quot;,&quot;animation_delay&quot;:300}\">\n\t\t\t\t<\/div>\n\t\t\t\t<\/div>\n\t\t\t\t<div class=\"elementor-element elementor-element-535a1a9 elementor-hidden-desktop elementor-widget elementor-widget-text-editor\" data-id=\"535a1a9\" data-element_type=\"widget\" data-widget_type=\"text-editor.default\">\n\t\t\t\t<div class=\"elementor-widget-container\">\n\t\t\t\t\t\t\t\t\t<p>NUESTROS SERVICIOS<\/p>\t\t\t\t\t\t\t\t<\/div>\n\t\t\t\t<\/div>\n\t\t<div class=\"elementor-element elementor-element-14dce26 e-con-full e-flex e-con e-child\" data-id=\"14dce26\" data-element_type=\"container\">\n\t\t\t\t<div class=\"elementor-element elementor-element-880dbf8 elementor-absolute e-transform elementor-hidden-tablet elementor-hidden-mobile elementor-widget elementor-widget-text-editor\" data-id=\"880dbf8\" data-element_type=\"widget\" data-settings=\"{&quot;_position&quot;:&quot;absolute&quot;,&quot;_transform_rotateZ_effect&quot;:{&quot;unit&quot;:&quot;px&quot;,&quot;size&quot;:-90,&quot;sizes&quot;:[]},&quot;_transform_rotateZ_effect_tablet&quot;:{&quot;unit&quot;:&quot;deg&quot;,&quot;size&quot;:&quot;&quot;,&quot;sizes&quot;:[]},&quot;_transform_rotateZ_effect_mobile&quot;:{&quot;unit&quot;:&quot;deg&quot;,&quot;size&quot;:&quot;&quot;,&quot;sizes&quot;:[]}}\" data-widget_type=\"text-editor.default\">\n\t\t\t\t<div class=\"elementor-widget-container\">\n\t\t\t\t\t\t\t\t\t<p>NUESTROS SERVICIOS<\/p>\t\t\t\t\t\t\t\t<\/div>\n\t\t\t\t<\/div>\n\t\t<div class=\"elementor-element elementor-element-8445c5b e-con-full e-flex e-con e-child\" data-id=\"8445c5b\" data-element_type=\"container\">\n\t\t<div class=\"elementor-element elementor-element-63e4658 e-con-full e-flex e-con e-child\" data-id=\"63e4658\" data-element_type=\"container\">\n\t\t<div class=\"elementor-element elementor-element-b6cba10 e-con-full e-flex e-con e-child\" data-id=\"b6cba10\" data-element_type=\"container\" data-settings=\"{&quot;background_background&quot;:&quot;classic&quot;}\">\n\t\t\t\t<\/div>\n\t\t<div class=\"elementor-element elementor-element-a4c0456 e-con-full e-flex e-con e-child\" data-id=\"a4c0456\" data-element_type=\"container\" data-settings=\"{&quot;background_background&quot;:&quot;classic&quot;}\">\n\t\t\t\t<div class=\"elementor-element elementor-element-3f039a7 elementor-widget elementor-widget-text-editor\" data-id=\"3f039a7\" data-element_type=\"widget\" data-widget_type=\"text-editor.default\">\n\t\t\t\t<div class=\"elementor-widget-container\">\n\t\t\t\t\t\t\t\t\t<p><strong>MAR\u00cdTIMO<\/strong><\/p>\t\t\t\t\t\t\t\t<\/div>\n\t\t\t\t<\/div>\n\t\t\t\t<div class=\"elementor-element elementor-element-d229fb7 elementor-align-center elementor-widget elementor-widget-button\" data-id=\"d229fb7\" data-element_type=\"widget\" data-widget_type=\"button.default\">\n\t\t\t\t<div class=\"elementor-widget-container\">\n\t\t\t\t\t\t\t\t\t<div class=\"elementor-button-wrapper\">\n\t\t\t\t\t<a class=\"elementor-button elementor-button-link elementor-size-sm\" href=\"https:\/\/energycapital.ie\/es\/servicios-maritimos\/\">\n\t\t\t\t\t\t<span class=\"elementor-button-content-wrapper\">\n\t\t\t\t\t\t\t\t\t<span class=\"elementor-button-text\">DESCUBRE NUESTRA FLOTA<\/span>\n\t\t\t\t\t<\/span>\n\t\t\t\t\t<\/a>\n\t\t\t\t<\/div>\n\t\t\t\t\t\t\t\t<\/div>\n\t\t\t\t<\/div>\n\t\t\t\t<\/div>\n\t\t\t\t<\/div>\n\t\t<div class=\"elementor-element elementor-element-ce95389 e-con-full e-flex e-con e-child\" data-id=\"ce95389\" data-element_type=\"container\">\n\t\t<div class=\"elementor-element elementor-element-9a3d688 e-con-full e-flex e-con e-child\" data-id=\"9a3d688\" data-element_type=\"container\" data-settings=\"{&quot;background_background&quot;:&quot;classic&quot;}\">\n\t\t\t\t<div class=\"elementor-element elementor-element-20b36d7 elementor-widget elementor-widget-text-editor\" data-id=\"20b36d7\" data-element_type=\"widget\" data-widget_type=\"text-editor.default\">\n\t\t\t\t<div class=\"elementor-widget-container\">\n\t\t\t\t\t\t\t\t\t<p><strong>AVIACI\u00d3N<\/strong><\/p>\t\t\t\t\t\t\t\t<\/div>\n\t\t\t\t<\/div>\n\t\t\t\t<div class=\"elementor-element elementor-element-11d9046 elementor-align-center elementor-widget elementor-widget-button\" data-id=\"11d9046\" data-element_type=\"widget\" data-widget_type=\"button.default\">\n\t\t\t\t<div class=\"elementor-widget-container\">\n\t\t\t\t\t\t\t\t\t<div class=\"elementor-button-wrapper\">\n\t\t\t\t\t<a class=\"elementor-button elementor-button-link elementor-size-sm\" href=\"https:\/\/energycapital.ie\/es\/servicios-de-aviacion\/\">\n\t\t\t\t\t\t<span class=\"elementor-button-content-wrapper\">\n\t\t\t\t\t\t\t\t\t<span class=\"elementor-button-text\">DESCUBRE M\u00c1S AQU\u00cd<\/span>\n\t\t\t\t\t<\/span>\n\t\t\t\t\t<\/a>\n\t\t\t\t<\/div>\n\t\t\t\t\t\t\t\t<\/div>\n\t\t\t\t<\/div>\n\t\t\t\t<\/div>\n\t\t<div class=\"elementor-element elementor-element-5d9f8fb e-con-full e-flex e-con e-child\" data-id=\"5d9f8fb\" data-element_type=\"container\" data-settings=\"{&quot;background_background&quot;:&quot;classic&quot;}\">\n\t\t\t\t<\/div>\n\t\t\t\t<\/div>\n\t\t\t\t<\/div>\n\t\t<div class=\"elementor-element elementor-element-839877b e-con-full e-flex e-con e-child\" data-id=\"839877b\" data-element_type=\"container\" data-settings=\"{&quot;background_background&quot;:&quot;classic&quot;}\">\n\t\t<div class=\"elementor-element elementor-element-8fbbaa1 e-con-full e-flex e-con e-child\" data-id=\"8fbbaa1\" data-element_type=\"container\" data-settings=\"{&quot;background_background&quot;:&quot;classic&quot;}\">\n\t\t\t\t<\/div>\n\t\t<div class=\"elementor-element elementor-element-159a955 e-con-full e-flex e-con e-child\" data-id=\"159a955\" data-element_type=\"container\" data-settings=\"{&quot;background_background&quot;:&quot;classic&quot;}\">\n\t\t\t\t<div class=\"elementor-element elementor-element-781ad33 elementor-widget elementor-widget-text-editor\" data-id=\"781ad33\" data-element_type=\"widget\" data-widget_type=\"text-editor.default\">\n\t\t\t\t<div class=\"elementor-widget-container\">\n\t\t\t\t\t\t\t\t\t<p><strong>PERFORACI\u00d3N<\/strong><\/p>\t\t\t\t\t\t\t\t<\/div>\n\t\t\t\t<\/div>\n\t\t\t\t<div class=\"elementor-element elementor-element-86ddda1 elementor-align-center elementor-widget elementor-widget-button\" data-id=\"86ddda1\" data-element_type=\"widget\" data-widget_type=\"button.default\">\n\t\t\t\t<div class=\"elementor-widget-container\">\n\t\t\t\t\t\t\t\t\t<div class=\"elementor-button-wrapper\">\n\t\t\t\t\t<a class=\"elementor-button elementor-button-link elementor-size-sm\" href=\"https:\/\/energycapital.ie\/es\/servicios-de-perforacion\/\">\n\t\t\t\t\t\t<span class=\"elementor-button-content-wrapper\">\n\t\t\t\t\t\t\t\t\t<span class=\"elementor-button-text\">EXPLORA LOS DETALLES AQU\u00cd<\/span>\n\t\t\t\t\t<\/span>\n\t\t\t\t\t<\/a>\n\t\t\t\t<\/div>\n\t\t\t\t\t\t\t\t<\/div>\n\t\t\t\t<\/div>\n\t\t\t\t<\/div>\n\t\t\t\t<\/div>\n\t\t\t\t<\/div>\n\t\t\t\t\t<\/div>\n\t\t\t\t<\/div>\n\t\t\t\t<\/div>\n\t\t","protected":false},"excerpt":{"rendered":"<p>Un legado de innovaci\u00f3n y liderazgo NUESTRA HISTORIA Fundada en Dubl\u00edn (Irlanda) en 2011, Irish Energy Capital Management es algo m\u00e1s que una empresa de gesti\u00f3n de activos. Somos una fuerza visionaria que da forma al futuro de la energ\u00eda. Nuestro equipo de pioneros del sector aporta una mezcla \u00fanica de experiencia, innovaci\u00f3n y pasi\u00f3n. [&hellip;]<\/p>\n","protected":false},"author":4,"featured_media":1854,"parent":0,"menu_order":0,"comment_status":"closed","ping_status":"closed","template":"","meta":{"footnotes":""},"class_list":["post-1906","page","type-page","status-publish","has-post-thumbnail","hentry"],"yoast_head":"<!-- This site is optimized with the Yoast SEO plugin v25.3.1 - https:\/\/yoast.com\/wordpress\/plugins\/seo\/ -->\n<title>Sobre nosotros - Energy Capital<\/title>\n<meta name=\"description\" content=\"Desde plataformas de \u00faltima generaci\u00f3n hasta flotas vers\u00e1tiles, Irish Energy Capital Management ofrece una experiencia, seguridad y sostenibilidad inigualables.\" \/>\n<meta name=\"robots\" content=\"index, follow, max-snippet:-1, max-image-preview:large, max-video-preview:-1\" \/>\n<link rel=\"canonical\" href=\"https:\/\/energycapital.ie\/es\/sobre-nosotros-2\/\" \/>\n<meta property=\"og:locale\" content=\"es_ES\" \/>\n<meta property=\"og:type\" content=\"article\" \/>\n<meta property=\"og:title\" content=\"Impulsar el progreso en el sector energ\u00e9tico\" \/>\n<meta property=\"og:description\" content=\"Desde plataformas de \u00faltima generaci\u00f3n hasta flotas vers\u00e1tiles, Irish Energy Capital Management ofrece una experiencia, seguridad y sostenibilidad inigualables. Construyamos un futuro en el que la innovaci\u00f3n impulse el impacto.\" \/>\n<meta property=\"og:url\" content=\"https:\/\/energycapital.ie\/es\/sobre-nosotros-2\/\" \/>\n<meta property=\"og:site_name\" content=\"Energy Capital\" \/>\n<meta property=\"article:modified_time\" content=\"2025-08-22T19:40:17+00:00\" \/>\n<meta property=\"og:image\" content=\"https:\/\/energycapital.ie\/wp-content\/uploads\/2024\/12\/IRISH_SEO.jpg\" \/>\n\t<meta property=\"og:image:width\" content=\"1200\" \/>\n\t<meta property=\"og:image:height\" content=\"630\" \/>\n\t<meta property=\"og:image:type\" content=\"image\/jpeg\" \/>\n<meta name=\"twitter:card\" content=\"summary_large_image\" \/>\n<meta name=\"twitter:title\" content=\"Impulsar el progreso en el sector energ\u00e9tico\" \/>\n<meta name=\"twitter:description\" content=\"Desde plataformas de \u00faltima generaci\u00f3n hasta flotas vers\u00e1tiles, Irish Energy Capital Management ofrece una experiencia, seguridad y sostenibilidad inigualables. Construyamos un futuro en el que la innovaci\u00f3n impulse el impacto.\" \/>\n<meta name=\"twitter:image\" content=\"https:\/\/energycapital.ie\/wp-content\/uploads\/2024\/12\/IRISH_SEO.jpg\" \/>\n<meta name=\"twitter:label1\" content=\"Tiempo de lectura\" \/>\n\t<meta name=\"twitter:data1\" content=\"1 minuto\" \/>\n<script type=\"application\/ld+json\" class=\"yoast-schema-graph\">{\"@context\":\"https:\/\/schema.org\",\"@graph\":[{\"@type\":\"WebPage\",\"@id\":\"https:\/\/energycapital.ie\/es\/sobre-nosotros-2\/\",\"url\":\"https:\/\/energycapital.ie\/es\/sobre-nosotros-2\/\",\"name\":\"Sobre nosotros - Energy Capital\",\"isPartOf\":{\"@id\":\"https:\/\/energycapital.ie\/es\/#website\"},\"primaryImageOfPage\":{\"@id\":\"https:\/\/energycapital.ie\/es\/sobre-nosotros-2\/#primaryimage\"},\"image\":{\"@id\":\"https:\/\/energycapital.ie\/es\/sobre-nosotros-2\/#primaryimage\"},\"thumbnailUrl\":\"https:\/\/energycapital.ie\/wp-content\/uploads\/2024\/12\/IRISH_SEO.jpg\",\"datePublished\":\"2025-07-03T23:10:14+00:00\",\"dateModified\":\"2025-08-22T19:40:17+00:00\",\"description\":\"Desde plataformas de \u00faltima generaci\u00f3n hasta flotas vers\u00e1tiles, Irish Energy Capital Management ofrece una experiencia, seguridad y sostenibilidad inigualables.\",\"breadcrumb\":{\"@id\":\"https:\/\/energycapital.ie\/es\/sobre-nosotros-2\/#breadcrumb\"},\"inLanguage\":\"es\",\"potentialAction\":[{\"@type\":\"ReadAction\",\"target\":[\"https:\/\/energycapital.ie\/es\/sobre-nosotros-2\/\"]}]},{\"@type\":\"ImageObject\",\"inLanguage\":\"es\",\"@id\":\"https:\/\/energycapital.ie\/es\/sobre-nosotros-2\/#primaryimage\",\"url\":\"https:\/\/energycapital.ie\/wp-content\/uploads\/2024\/12\/IRISH_SEO.jpg\",\"contentUrl\":\"https:\/\/energycapital.ie\/wp-content\/uploads\/2024\/12\/IRISH_SEO.jpg\",\"width\":1200,\"height\":630},{\"@type\":\"BreadcrumbList\",\"@id\":\"https:\/\/energycapital.ie\/es\/sobre-nosotros-2\/#breadcrumb\",\"itemListElement\":[{\"@type\":\"ListItem\",\"position\":1,\"name\":\"Home\",\"item\":\"https:\/\/energycapital.ie\/es\/\"},{\"@type\":\"ListItem\",\"position\":2,\"name\":\"Sobre nosotros\"}]},{\"@type\":\"WebSite\",\"@id\":\"https:\/\/energycapital.ie\/es\/#website\",\"url\":\"https:\/\/energycapital.ie\/es\/\",\"name\":\"Energy Capital\",\"description\":\"\",\"publisher\":{\"@id\":\"https:\/\/energycapital.ie\/es\/#organization\"},\"potentialAction\":[{\"@type\":\"SearchAction\",\"target\":{\"@type\":\"EntryPoint\",\"urlTemplate\":\"https:\/\/energycapital.ie\/es\/?s={search_term_string}\"},\"query-input\":{\"@type\":\"PropertyValueSpecification\",\"valueRequired\":true,\"valueName\":\"search_term_string\"}}],\"inLanguage\":\"es\"},{\"@type\":\"Organization\",\"@id\":\"https:\/\/energycapital.ie\/es\/#organization\",\"name\":\"Energy Capital\",\"url\":\"https:\/\/energycapital.ie\/es\/\",\"logo\":{\"@type\":\"ImageObject\",\"inLanguage\":\"es\",\"@id\":\"https:\/\/energycapital.ie\/es\/#\/schema\/logo\/image\/\",\"url\":\"https:\/\/energycapital.ie\/wp-content\/uploads\/2024\/09\/IRISH-ENERGY-logo-2.png\",\"contentUrl\":\"https:\/\/energycapital.ie\/wp-content\/uploads\/2024\/09\/IRISH-ENERGY-logo-2.png\",\"width\":800,\"height\":321,\"caption\":\"Energy Capital\"},\"image\":{\"@id\":\"https:\/\/energycapital.ie\/es\/#\/schema\/logo\/image\/\"}}]}<\/script>\n<!-- \/ Yoast SEO plugin. -->","yoast_head_json":{"title":"Sobre nosotros - Energy Capital","description":"Desde plataformas de \u00faltima generaci\u00f3n hasta flotas vers\u00e1tiles, Irish Energy Capital Management ofrece una experiencia, seguridad y sostenibilidad inigualables.","robots":{"index":"index","follow":"follow","max-snippet":"max-snippet:-1","max-image-preview":"max-image-preview:large","max-video-preview":"max-video-preview:-1"},"canonical":"https:\/\/energycapital.ie\/es\/sobre-nosotros-2\/","og_locale":"es_ES","og_type":"article","og_title":"Impulsar el progreso en el sector energ\u00e9tico","og_description":"Desde plataformas de \u00faltima generaci\u00f3n hasta flotas vers\u00e1tiles, Irish Energy Capital Management ofrece una experiencia, seguridad y sostenibilidad inigualables. Construyamos un futuro en el que la innovaci\u00f3n impulse el impacto.","og_url":"https:\/\/energycapital.ie\/es\/sobre-nosotros-2\/","og_site_name":"Energy Capital","article_modified_time":"2025-08-22T19:40:17+00:00","og_image":[{"width":1200,"height":630,"url":"https:\/\/energycapital.ie\/wp-content\/uploads\/2024\/12\/IRISH_SEO.jpg","type":"image\/jpeg"}],"twitter_card":"summary_large_image","twitter_title":"Impulsar el progreso en el sector energ\u00e9tico","twitter_description":"Desde plataformas de \u00faltima generaci\u00f3n hasta flotas vers\u00e1tiles, Irish Energy Capital Management ofrece una experiencia, seguridad y sostenibilidad inigualables. Construyamos un futuro en el que la innovaci\u00f3n impulse el impacto.","twitter_image":"https:\/\/energycapital.ie\/wp-content\/uploads\/2024\/12\/IRISH_SEO.jpg","twitter_misc":{"Tiempo de lectura":"1 minuto"},"schema":{"@context":"https:\/\/schema.org","@graph":[{"@type":"WebPage","@id":"https:\/\/energycapital.ie\/es\/sobre-nosotros-2\/","url":"https:\/\/energycapital.ie\/es\/sobre-nosotros-2\/","name":"Sobre nosotros - Energy Capital","isPartOf":{"@id":"https:\/\/energycapital.ie\/es\/#website"},"primaryImageOfPage":{"@id":"https:\/\/energycapital.ie\/es\/sobre-nosotros-2\/#primaryimage"},"image":{"@id":"https:\/\/energycapital.ie\/es\/sobre-nosotros-2\/#primaryimage"},"thumbnailUrl":"https:\/\/energycapital.ie\/wp-content\/uploads\/2024\/12\/IRISH_SEO.jpg","datePublished":"2025-07-03T23:10:14+00:00","dateModified":"2025-08-22T19:40:17+00:00","description":"Desde plataformas de \u00faltima generaci\u00f3n hasta flotas vers\u00e1tiles, Irish Energy Capital Management ofrece una experiencia, seguridad y sostenibilidad inigualables.","breadcrumb":{"@id":"https:\/\/energycapital.ie\/es\/sobre-nosotros-2\/#breadcrumb"},"inLanguage":"es","potentialAction":[{"@type":"ReadAction","target":["https:\/\/energycapital.ie\/es\/sobre-nosotros-2\/"]}]},{"@type":"ImageObject","inLanguage":"es","@id":"https:\/\/energycapital.ie\/es\/sobre-nosotros-2\/#primaryimage","url":"https:\/\/energycapital.ie\/wp-content\/uploads\/2024\/12\/IRISH_SEO.jpg","contentUrl":"https:\/\/energycapital.ie\/wp-content\/uploads\/2024\/12\/IRISH_SEO.jpg","width":1200,"height":630},{"@type":"BreadcrumbList","@id":"https:\/\/energycapital.ie\/es\/sobre-nosotros-2\/#breadcrumb","itemListElement":[{"@type":"ListItem","position":1,"name":"Home","item":"https:\/\/energycapital.ie\/es\/"},{"@type":"ListItem","position":2,"name":"Sobre nosotros"}]},{"@type":"WebSite","@id":"https:\/\/energycapital.ie\/es\/#website","url":"https:\/\/energycapital.ie\/es\/","name":"Energy Capital","description":"","publisher":{"@id":"https:\/\/energycapital.ie\/es\/#organization"},"potentialAction":[{"@type":"SearchAction","target":{"@type":"EntryPoint","urlTemplate":"https:\/\/energycapital.ie\/es\/?s={search_term_string}"},"query-input":{"@type":"PropertyValueSpecification","valueRequired":true,"valueName":"search_term_string"}}],"inLanguage":"es"},{"@type":"Organization","@id":"https:\/\/energycapital.ie\/es\/#organization","name":"Energy Capital","url":"https:\/\/energycapital.ie\/es\/","logo":{"@type":"ImageObject","inLanguage":"es","@id":"https:\/\/energycapital.ie\/es\/#\/schema\/logo\/image\/","url":"https:\/\/energycapital.ie\/wp-content\/uploads\/2024\/09\/IRISH-ENERGY-logo-2.png","contentUrl":"https:\/\/energycapital.ie\/wp-content\/uploads\/2024\/09\/IRISH-ENERGY-logo-2.png","width":800,"height":321,"caption":"Energy Capital"},"image":{"@id":"https:\/\/energycapital.ie\/es\/#\/schema\/logo\/image\/"}}]}},"_links":{"self":[{"href":"https:\/\/energycapital.ie\/es\/wp-json\/wp\/v2\/pages\/1906","targetHints":{"allow":["GET"]}}],"collection":[{"href":"https:\/\/energycapital.ie\/es\/wp-json\/wp\/v2\/pages"}],"about":[{"href":"https:\/\/energycapital.ie\/es\/wp-json\/wp\/v2\/types\/page"}],"author":[{"embeddable":true,"href":"https:\/\/energycapital.ie\/es\/wp-json\/wp\/v2\/users\/4"}],"replies":[{"embeddable":true,"href":"https:\/\/energycapital.ie\/es\/wp-json\/wp\/v2\/comments?post=1906"}],"version-history":[{"count":24,"href":"https:\/\/energycapital.ie\/es\/wp-json\/wp\/v2\/pages\/1906\/revisions"}],"predecessor-version":[{"id":2552,"href":"https:\/\/energycapital.ie\/es\/wp-json\/wp\/v2\/pages\/1906\/revisions\/2552"}],"wp:featuredmedia":[{"embeddable":true,"href":"https:\/\/energycapital.ie\/es\/wp-json\/wp\/v2\/media\/1854"}],"wp:attachment":[{"href":"https:\/\/energycapital.ie\/es\/wp-json\/wp\/v2\/media?parent=1906"}],"curies":[{"name":"wp","href":"https:\/\/api.w.org\/{rel}","templated":true}]}}