{"id":1896,"date":"2025-07-03T22:35:31","date_gmt":"2025-07-03T22:35:31","guid":{"rendered":"https:\/\/energycapital.ie\/?page_id=1896"},"modified":"2025-08-22T19:31:45","modified_gmt":"2025-08-22T19:31:45","slug":"inicio-2","status":"publish","type":"page","link":"https:\/\/energycapital.ie\/es\/","title":{"rendered":"Inicio"},"content":{"rendered":"\t\t<div data-elementor-type=\"wp-post\" data-elementor-id=\"1896\" class=\"elementor elementor-1896 elementor-1895\" data-elementor-post-type=\"page\">\n\t\t\t\t<div class=\"elementor-element elementor-element-dbfc289 e-con-full e-flex elementor-invisible e-con e-parent\" data-id=\"dbfc289\" data-element_type=\"container\" id=\"topHeader\" data-settings=\"{&quot;background_background&quot;:&quot;classic&quot;,&quot;animation&quot;:&quot;fadeIn&quot;,&quot;background_motion_fx_motion_fx_scrolling&quot;:&quot;yes&quot;,&quot;background_motion_fx_translateY_effect&quot;:&quot;yes&quot;,&quot;background_motion_fx_translateY_direction&quot;:&quot;negative&quot;,&quot;background_motion_fx_translateY_speed&quot;:{&quot;unit&quot;:&quot;px&quot;,&quot;size&quot;:5,&quot;sizes&quot;:[]},&quot;background_motion_fx_translateY_affectedRange&quot;:{&quot;unit&quot;:&quot;%&quot;,&quot;size&quot;:&quot;&quot;,&quot;sizes&quot;:{&quot;start&quot;:0,&quot;end&quot;:100}},&quot;background_motion_fx_devices&quot;:[&quot;desktop&quot;,&quot;tablet&quot;,&quot;mobile&quot;]}\">\n\t\t\t\t<div class=\"elementor-element elementor-element-586ce51 elementor-widget elementor-widget-heading\" data-id=\"586ce51\" data-element_type=\"widget\" data-widget_type=\"heading.default\">\n\t\t\t\t<div class=\"elementor-widget-container\">\n\t\t\t\t\t<h2 class=\"elementor-heading-title elementor-size-default\">FORJANDO UNA NUEVA ERA DE LA ENERG\u00cdA<\/h2>\t\t\t\t<\/div>\n\t\t\t\t<\/div>\n\t\t\t\t<div class=\"elementor-element elementor-element-775c5ae elementor-align-center elementor-hidden-desktop elementor-hidden-tablet elementor-hidden-mobile elementor-widget elementor-widget-button\" data-id=\"775c5ae\" data-element_type=\"widget\" data-widget_type=\"button.default\">\n\t\t\t\t<div class=\"elementor-widget-container\">\n\t\t\t\t\t\t\t\t\t<div class=\"elementor-button-wrapper\">\n\t\t\t\t\t<a class=\"elementor-button elementor-button-link elementor-size-sm\" href=\"#\">\n\t\t\t\t\t\t<span class=\"elementor-button-content-wrapper\">\n\t\t\t\t\t\t\t\t\t<span class=\"elementor-button-text\">CONTACTA CON NUESTRO EQUIPO<\/span>\n\t\t\t\t\t<\/span>\n\t\t\t\t\t<\/a>\n\t\t\t\t<\/div>\n\t\t\t\t\t\t\t\t<\/div>\n\t\t\t\t<\/div>\n\t\t\t\t<\/div>\n\t\t<div class=\"elementor-element elementor-element-b3c920c e-con-full e-flex e-con e-parent\" data-id=\"b3c920c\" data-element_type=\"container\">\n\t\t<div class=\"elementor-element elementor-element-7051c6e e-con-full e-flex elementor-invisible e-con e-child\" data-id=\"7051c6e\" data-element_type=\"container\" data-settings=\"{&quot;background_background&quot;:&quot;classic&quot;,&quot;animation&quot;:&quot;fadeIn&quot;,&quot;animation_delay&quot;:300}\">\n\t\t\t\t<div class=\"elementor-element elementor-element-6b15e6d elementor-widget__width-inherit elementor-widget elementor-widget-heading\" data-id=\"6b15e6d\" data-element_type=\"widget\" data-widget_type=\"heading.default\">\n\t\t\t\t<div class=\"elementor-widget-container\">\n\t\t\t\t\t<h2 class=\"elementor-heading-title elementor-size-default\">Qu\u00e9 hacemos<\/h2>\t\t\t\t<\/div>\n\t\t\t\t<\/div>\n\t\t\t\t<div class=\"elementor-element elementor-element-19a0e24 elementor-widget elementor-widget-text-editor\" data-id=\"19a0e24\" data-element_type=\"widget\" data-widget_type=\"text-editor.default\">\n\t\t\t\t<div class=\"elementor-widget-container\">\n\t\t\t\t\t\t\t\t\t<p><span style=\"font-weight: 400;\">Somos facilitadores del desarrollo, dando forma a la industria energ\u00e9tica.<\/span><span style=\"font-weight: 400;\"><br \/><\/span><span style=\"font-weight: 400;\">Con una b\u00fasqueda incesante de la excelencia, en Irish Energy Capital Management estamos superando los l\u00edmites de lo posible.<\/span><\/p>\n<p><span style=\"font-weight: 400;\">Nuestra tecnolog\u00eda de vanguardia, nuestra experiencia sin parang\u00f3n y nuestro inquebrantable compromiso con la sostenibilidad nos impulsan hacia un futuro m\u00e1s eficiente. \u00danete a nosotros en este viaje \u00e9pico.   <\/span><\/p>\n\t\t\t\t\t\t\t\t<\/div>\n\t\t\t\t<\/div>\n\t\t\t\t<\/div>\n\t\t<div class=\"elementor-element elementor-element-ed26de5 e-con-full e-flex elementor-invisible e-con e-child\" data-id=\"ed26de5\" data-element_type=\"container\" data-settings=\"{&quot;background_background&quot;:&quot;classic&quot;,&quot;animation&quot;:&quot;fadeIn&quot;,&quot;animation_delay&quot;:600}\">\n\t\t\t\t<\/div>\n\t\t\t\t<\/div>\n\t\t<div class=\"elementor-element elementor-element-7afaa53 e-flex e-con-boxed e-con e-parent\" data-id=\"7afaa53\" data-element_type=\"container\" data-settings=\"{&quot;background_background&quot;:&quot;classic&quot;}\">\n\t\t\t\t\t<div class=\"e-con-inner\">\n\t\t\t\t<div class=\"elementor-element elementor-element-d0750a8 elementor-widget elementor-widget-text-editor\" data-id=\"d0750a8\" data-element_type=\"widget\" data-widget_type=\"text-editor.default\">\n\t\t\t\t<div class=\"elementor-widget-container\">\n\t\t\t\t\t\t\t\t\t<p style=\"text-align: center;\"><strong>NUESTROS ACTIVOS:<\/strong> UN FORMIDABLE ARSENAL DE PODER.<\/p>\n\t\t\t\t\t\t\t\t<\/div>\n\t\t\t\t<\/div>\n\t\t<div class=\"elementor-element elementor-element-f13174e e-con-full e-flex e-con e-child\" data-id=\"f13174e\" data-element_type=\"container\">\n\t\t<div class=\"elementor-element elementor-element-e337ade e-con-full e-flex elementor-invisible e-con e-child\" data-id=\"e337ade\" data-element_type=\"container\" data-settings=\"{&quot;animation&quot;:&quot;fadeIn&quot;}\">\n\t\t\t\t<div class=\"elementor-element elementor-element-bc6dea0 elementor-widget elementor-widget-image\" data-id=\"bc6dea0\" data-element_type=\"widget\" data-widget_type=\"image.default\">\n\t\t\t\t<div class=\"elementor-widget-container\">\n\t\t\t\t\t\t\t\t\t\t\t\t\t\t\t\t<a href=\"https:\/\/energycapital.ie\/drilling-services-old\/\">\n\t\t\t\t\t\t\t<img fetchpriority=\"high\" decoding=\"async\" width=\"850\" height=\"600\" src=\"https:\/\/energycapital.ie\/wp-content\/uploads\/2025\/07\/IRISH_SITIO_HOME_04A.jpg\" class=\"attachment-full size-full wp-image-1975\" alt=\"\" srcset=\"https:\/\/energycapital.ie\/wp-content\/uploads\/2025\/07\/IRISH_SITIO_HOME_04A.jpg 850w, https:\/\/energycapital.ie\/wp-content\/uploads\/2025\/07\/IRISH_SITIO_HOME_04A-300x212.jpg 300w, https:\/\/energycapital.ie\/wp-content\/uploads\/2025\/07\/IRISH_SITIO_HOME_04A-768x542.jpg 768w\" sizes=\"(max-width: 800px) 100vw, 800px\" \/>\t\t\t\t\t\t\t\t<\/a>\n\t\t\t\t\t\t\t\t\t\t\t\t\t\t\t<\/div>\n\t\t\t\t<\/div>\n\t\t\t\t<div class=\"elementor-element elementor-element-873e0b9 elementor-widget elementor-widget-text-editor\" data-id=\"873e0b9\" data-element_type=\"widget\" data-widget_type=\"text-editor.default\">\n\t\t\t\t<div class=\"elementor-widget-container\">\n\t\t\t\t\t\t\t\t\t<p><span style=\"font-weight: 400;\">Nuestras plataformas elevadoras y terrestres de primera calidad est\u00e1n dise\u00f1adas para ofrecer el m\u00e1ximo rendimiento, dando prioridad a la seguridad, la eficacia y la sostenibilidad medioambiental.<\/span><\/p>\n\t\t\t\t\t\t\t\t<\/div>\n\t\t\t\t<\/div>\n\t\t\t\t<div class=\"elementor-element elementor-element-83e6eeb elementor-align-center elementor-widget__width-inherit elementor-absolute elementor-widget elementor-widget-button\" data-id=\"83e6eeb\" data-element_type=\"widget\" data-settings=\"{&quot;_position&quot;:&quot;absolute&quot;}\" data-widget_type=\"button.default\">\n\t\t\t\t<div class=\"elementor-widget-container\">\n\t\t\t\t\t\t\t\t\t<div class=\"elementor-button-wrapper\">\n\t\t\t\t\t<a class=\"elementor-button elementor-button-link elementor-size-sm\" href=\"https:\/\/energycapital.ie\/es\/servicios-maritimos\/\">\n\t\t\t\t\t\t<span class=\"elementor-button-content-wrapper\">\n\t\t\t\t\t\t\t\t\t<span class=\"elementor-button-text\">M\u00c1S INFORMACI\u00d3N \/ SERVICIOS MAR\u00cdTIMOS<\/span>\n\t\t\t\t\t<\/span>\n\t\t\t\t\t<\/a>\n\t\t\t\t<\/div>\n\t\t\t\t\t\t\t\t<\/div>\n\t\t\t\t<\/div>\n\t\t\t\t<\/div>\n\t\t<div class=\"elementor-element elementor-element-868d1bc e-con-full e-flex elementor-invisible e-con e-child\" data-id=\"868d1bc\" data-element_type=\"container\" data-settings=\"{&quot;animation&quot;:&quot;fadeIn&quot;}\">\n\t\t\t\t<div class=\"elementor-element elementor-element-4edaa3c elementor-widget elementor-widget-image\" data-id=\"4edaa3c\" data-element_type=\"widget\" data-widget_type=\"image.default\">\n\t\t\t\t<div class=\"elementor-widget-container\">\n\t\t\t\t\t\t\t\t\t\t\t\t\t\t\t\t<a href=\"https:\/\/energycapital.ie\/?page_id=769\">\n\t\t\t\t\t\t\t<img decoding=\"async\" width=\"850\" height=\"600\" data-src=\"https:\/\/energycapital.ie\/wp-content\/uploads\/2025\/07\/IRISH_SITIO_HOME_03A.jpg\" class=\"attachment-full size-full wp-image-1973 lazyload\" alt=\"\" data-srcset=\"https:\/\/energycapital.ie\/wp-content\/uploads\/2025\/07\/IRISH_SITIO_HOME_03A.jpg 850w, https:\/\/energycapital.ie\/wp-content\/uploads\/2025\/07\/IRISH_SITIO_HOME_03A-300x212.jpg 300w, https:\/\/energycapital.ie\/wp-content\/uploads\/2025\/07\/IRISH_SITIO_HOME_03A-768x542.jpg 768w\" data-sizes=\"(max-width: 800px) 100vw, 800px\" src=\"data:image\/svg+xml;base64,PHN2ZyB3aWR0aD0iMSIgaGVpZ2h0PSIxIiB4bWxucz0iaHR0cDovL3d3dy53My5vcmcvMjAwMC9zdmciPjwvc3ZnPg==\" style=\"--smush-placeholder-width: 850px; --smush-placeholder-aspect-ratio: 850\/600;\" \/>\t\t\t\t\t\t\t\t<\/a>\n\t\t\t\t\t\t\t\t\t\t\t\t\t\t\t<\/div>\n\t\t\t\t<\/div>\n\t\t\t\t<div class=\"elementor-element elementor-element-36e9e2b elementor-widget elementor-widget-text-editor\" data-id=\"36e9e2b\" data-element_type=\"widget\" data-widget_type=\"text-editor.default\">\n\t\t\t\t<div class=\"elementor-widget-container\">\n\t\t\t\t\t\t\t\t\t<p><span style=\"font-weight: 400;\">Nuestra vers\u00e1til flota de buques de suministro en alta mar aprovecha la tecnolog\u00eda h\u00edbrida, la capacidad de contenci\u00f3n de vertidos de petr\u00f3leo y los sistemas avanzados de extinci\u00f3n de incendios.<\/span><\/p>\n\t\t\t\t\t\t\t\t<\/div>\n\t\t\t\t<\/div>\n\t\t\t\t<div class=\"elementor-element elementor-element-52b7901 elementor-align-center elementor-widget__width-inherit elementor-absolute elementor-widget elementor-widget-button\" data-id=\"52b7901\" data-element_type=\"widget\" data-settings=\"{&quot;_position&quot;:&quot;absolute&quot;}\" data-widget_type=\"button.default\">\n\t\t\t\t<div class=\"elementor-widget-container\">\n\t\t\t\t\t\t\t\t\t<div class=\"elementor-button-wrapper\">\n\t\t\t\t\t<a class=\"elementor-button elementor-button-link elementor-size-sm\" href=\"https:\/\/energycapital.ie\/es\/servicios-de-perforacion\/\">\n\t\t\t\t\t\t<span class=\"elementor-button-content-wrapper\">\n\t\t\t\t\t\t\t\t\t<span class=\"elementor-button-text\">M\u00c1S INFORMACI\u00d3N \/ SERVICIOS DE PERFORACI\u00d3N<\/span>\n\t\t\t\t\t<\/span>\n\t\t\t\t\t<\/a>\n\t\t\t\t<\/div>\n\t\t\t\t\t\t\t\t<\/div>\n\t\t\t\t<\/div>\n\t\t\t\t<\/div>\n\t\t<div class=\"elementor-element elementor-element-e11d3ef e-con-full e-flex elementor-invisible e-con e-child\" data-id=\"e11d3ef\" data-element_type=\"container\" data-settings=\"{&quot;animation&quot;:&quot;fadeIn&quot;}\">\n\t\t<div class=\"elementor-element elementor-element-1fee29c e-con-full e-flex e-con e-child\" data-id=\"1fee29c\" data-element_type=\"container\" data-settings=\"{&quot;background_background&quot;:&quot;classic&quot;}\">\n\t\t\t\t<div class=\"elementor-element elementor-element-5280f8b elementor-widget elementor-widget-image\" data-id=\"5280f8b\" data-element_type=\"widget\" data-widget_type=\"image.default\">\n\t\t\t\t<div class=\"elementor-widget-container\">\n\t\t\t\t\t\t\t\t\t\t\t\t\t\t\t\t<a href=\"https:\/\/energycapital.ie\/aviation-services-old\/\">\n\t\t\t\t\t\t\t<img decoding=\"async\" width=\"850\" height=\"600\" data-src=\"https:\/\/energycapital.ie\/wp-content\/uploads\/2024\/09\/IRISH_SITIO_HOME_05A.jpg\" class=\"attachment-full size-full wp-image-1670 lazyload\" alt=\"\" data-srcset=\"https:\/\/energycapital.ie\/wp-content\/uploads\/2024\/09\/IRISH_SITIO_HOME_05A.jpg 850w, https:\/\/energycapital.ie\/wp-content\/uploads\/2024\/09\/IRISH_SITIO_HOME_05A-300x212.jpg 300w, https:\/\/energycapital.ie\/wp-content\/uploads\/2024\/09\/IRISH_SITIO_HOME_05A-768x542.jpg 768w\" data-sizes=\"(max-width: 800px) 100vw, 800px\" src=\"data:image\/svg+xml;base64,PHN2ZyB3aWR0aD0iMSIgaGVpZ2h0PSIxIiB4bWxucz0iaHR0cDovL3d3dy53My5vcmcvMjAwMC9zdmciPjwvc3ZnPg==\" style=\"--smush-placeholder-width: 850px; --smush-placeholder-aspect-ratio: 850\/600;\" \/>\t\t\t\t\t\t\t\t<\/a>\n\t\t\t\t\t\t\t\t\t\t\t\t\t\t\t<\/div>\n\t\t\t\t<\/div>\n\t\t\t\t<\/div>\n\t\t\t\t<div class=\"elementor-element elementor-element-45455d2 elementor-widget elementor-widget-text-editor\" data-id=\"45455d2\" data-element_type=\"widget\" data-widget_type=\"text-editor.default\">\n\t\t\t\t<div class=\"elementor-widget-container\">\n\t\t\t\t\t\t\t\t\t<p><span style=\"font-weight: 400;\">Nuestra flexible flota de helic\u00f3pteros garantiza los m\u00e1s altos niveles de seguridad y mantenimiento, salvaguardando nuestro bien m\u00e1s preciado: nuestra gente.<\/span><\/p>\n\t\t\t\t\t\t\t\t<\/div>\n\t\t\t\t<\/div>\n\t\t\t\t<div class=\"elementor-element elementor-element-da5ecb7 elementor-align-center elementor-widget__width-inherit elementor-absolute elementor-widget elementor-widget-button\" data-id=\"da5ecb7\" data-element_type=\"widget\" data-settings=\"{&quot;_position&quot;:&quot;absolute&quot;}\" data-widget_type=\"button.default\">\n\t\t\t\t<div class=\"elementor-widget-container\">\n\t\t\t\t\t\t\t\t\t<div class=\"elementor-button-wrapper\">\n\t\t\t\t\t<a class=\"elementor-button elementor-button-link elementor-size-sm\" href=\"https:\/\/energycapital.ie\/es\/servicios-de-aviacion\/\">\n\t\t\t\t\t\t<span class=\"elementor-button-content-wrapper\">\n\t\t\t\t\t\t\t\t\t<span class=\"elementor-button-text\">M\u00c1S INFORMACI\u00d3N \/ SERVICIOS DE AVIACI\u00d3N<\/span>\n\t\t\t\t\t<\/span>\n\t\t\t\t\t<\/a>\n\t\t\t\t<\/div>\n\t\t\t\t\t\t\t\t<\/div>\n\t\t\t\t<\/div>\n\t\t\t\t<\/div>\n\t\t\t\t<\/div>\n\t\t\t\t\t<\/div>\n\t\t\t\t<\/div>\n\t\t\t\t<\/div>\n\t\t","protected":false},"excerpt":{"rendered":"<p>FORJANDO UNA NUEVA ERA DE LA ENERG\u00cdA CONTACTA CON NUESTRO EQUIPO Qu\u00e9 hacemos Somos facilitadores del desarrollo, dando forma a la industria energ\u00e9tica.Con una b\u00fasqueda incesante de la excelencia, en Irish Energy Capital Management estamos superando los l\u00edmites de lo posible. Nuestra tecnolog\u00eda de vanguardia, nuestra experiencia sin parang\u00f3n y nuestro inquebrantable compromiso con la [&hellip;]<\/p>\n","protected":false},"author":4,"featured_media":1854,"parent":0,"menu_order":0,"comment_status":"closed","ping_status":"closed","template":"","meta":{"footnotes":""},"class_list":["post-1896","page","type-page","status-publish","has-post-thumbnail","hentry"],"yoast_head":"<!-- This site is optimized with the Yoast SEO plugin v25.3.1 - https:\/\/yoast.com\/wordpress\/plugins\/seo\/ -->\n<title>Energy Capital<\/title>\n<meta name=\"description\" content=\"De plataformas de \u00faltima generaci\u00f3n hasta flotas vers\u00e1tiles, Irish Energy Capital Management ofrece experiencia, seguridad y sostenibilidad.\" \/>\n<meta name=\"robots\" content=\"index, follow, max-snippet:-1, max-image-preview:large, max-video-preview:-1\" \/>\n<link rel=\"canonical\" href=\"https:\/\/energycapital.ie\/es\/\" \/>\n<meta property=\"og:locale\" content=\"es_ES\" \/>\n<meta property=\"og:type\" content=\"article\" \/>\n<meta property=\"og:title\" content=\"Impulsando el progreso en el sector energ\u00e9tico\" \/>\n<meta property=\"og:description\" content=\"Desde plataformas de \u00faltima generaci\u00f3n hasta flotas vers\u00e1tiles, Irish Energy Capital Management ofrece experiencia, seguridad y sostenibilidad inigualables. Construyamos un futuro donde la innovaci\u00f3n genere impacto.\" \/>\n<meta property=\"og:url\" content=\"https:\/\/energycapital.ie\/es\/\" \/>\n<meta property=\"og:site_name\" content=\"Energy Capital\" \/>\n<meta property=\"article:modified_time\" content=\"2025-08-22T19:31:45+00:00\" \/>\n<meta property=\"og:image\" content=\"https:\/\/energycapital.ie\/wp-content\/uploads\/2024\/12\/IRISH_SEO.jpg\" \/>\n\t<meta property=\"og:image:width\" content=\"1200\" \/>\n\t<meta property=\"og:image:height\" content=\"630\" \/>\n\t<meta property=\"og:image:type\" content=\"image\/jpeg\" \/>\n<meta name=\"twitter:card\" content=\"summary_large_image\" \/>\n<meta name=\"twitter:title\" content=\"Impulsando el progreso en el sector energ\u00e9tico\" \/>\n<meta name=\"twitter:description\" content=\"Desde plataformas de \u00faltima generaci\u00f3n hasta flotas vers\u00e1tiles, Irish Energy Capital Management ofrece experiencia, seguridad y sostenibilidad inigualables. Construyamos un futuro donde la innovaci\u00f3n genere impacto.\" \/>\n<meta name=\"twitter:image\" content=\"https:\/\/energycapital.ie\/wp-content\/uploads\/2024\/12\/IRISH_SEO.jpg\" \/>\n<meta name=\"twitter:label1\" content=\"Tiempo de lectura\" \/>\n\t<meta name=\"twitter:data1\" content=\"2 minutos\" \/>\n<script type=\"application\/ld+json\" class=\"yoast-schema-graph\">{\"@context\":\"https:\/\/schema.org\",\"@graph\":[{\"@type\":\"WebPage\",\"@id\":\"https:\/\/energycapital.ie\/es\/\",\"url\":\"https:\/\/energycapital.ie\/es\/\",\"name\":\"Energy Capital\",\"isPartOf\":{\"@id\":\"https:\/\/energycapital.ie\/es\/#website\"},\"primaryImageOfPage\":{\"@id\":\"https:\/\/energycapital.ie\/es\/#primaryimage\"},\"image\":{\"@id\":\"https:\/\/energycapital.ie\/es\/#primaryimage\"},\"thumbnailUrl\":\"https:\/\/energycapital.ie\/wp-content\/uploads\/2024\/12\/IRISH_SEO.jpg\",\"datePublished\":\"2025-07-03T22:35:31+00:00\",\"dateModified\":\"2025-08-22T19:31:45+00:00\",\"description\":\"De plataformas de \u00faltima generaci\u00f3n hasta flotas vers\u00e1tiles, Irish Energy Capital Management ofrece experiencia, seguridad y sostenibilidad.\",\"breadcrumb\":{\"@id\":\"https:\/\/energycapital.ie\/es\/#breadcrumb\"},\"inLanguage\":\"es\",\"potentialAction\":[{\"@type\":\"ReadAction\",\"target\":[\"https:\/\/energycapital.ie\/es\/\"]}]},{\"@type\":\"ImageObject\",\"inLanguage\":\"es\",\"@id\":\"https:\/\/energycapital.ie\/es\/#primaryimage\",\"url\":\"https:\/\/energycapital.ie\/wp-content\/uploads\/2024\/12\/IRISH_SEO.jpg\",\"contentUrl\":\"https:\/\/energycapital.ie\/wp-content\/uploads\/2024\/12\/IRISH_SEO.jpg\",\"width\":1200,\"height\":630},{\"@type\":\"BreadcrumbList\",\"@id\":\"https:\/\/energycapital.ie\/es\/#breadcrumb\",\"itemListElement\":[{\"@type\":\"ListItem\",\"position\":1,\"name\":\"Home\",\"item\":\"https:\/\/energycapital.ie\/es\/\"},{\"@type\":\"ListItem\",\"position\":2,\"name\":\"Inicio\"}]},{\"@type\":\"WebSite\",\"@id\":\"https:\/\/energycapital.ie\/es\/#website\",\"url\":\"https:\/\/energycapital.ie\/es\/\",\"name\":\"Energy Capital\",\"description\":\"\",\"publisher\":{\"@id\":\"https:\/\/energycapital.ie\/es\/#organization\"},\"potentialAction\":[{\"@type\":\"SearchAction\",\"target\":{\"@type\":\"EntryPoint\",\"urlTemplate\":\"https:\/\/energycapital.ie\/es\/?s={search_term_string}\"},\"query-input\":{\"@type\":\"PropertyValueSpecification\",\"valueRequired\":true,\"valueName\":\"search_term_string\"}}],\"inLanguage\":\"es\"},{\"@type\":\"Organization\",\"@id\":\"https:\/\/energycapital.ie\/es\/#organization\",\"name\":\"Energy Capital\",\"url\":\"https:\/\/energycapital.ie\/es\/\",\"logo\":{\"@type\":\"ImageObject\",\"inLanguage\":\"es\",\"@id\":\"https:\/\/energycapital.ie\/es\/#\/schema\/logo\/image\/\",\"url\":\"https:\/\/energycapital.ie\/wp-content\/uploads\/2024\/09\/IRISH-ENERGY-logo-2.png\",\"contentUrl\":\"https:\/\/energycapital.ie\/wp-content\/uploads\/2024\/09\/IRISH-ENERGY-logo-2.png\",\"width\":800,\"height\":321,\"caption\":\"Energy Capital\"},\"image\":{\"@id\":\"https:\/\/energycapital.ie\/es\/#\/schema\/logo\/image\/\"}}]}<\/script>\n<!-- \/ Yoast SEO plugin. -->","yoast_head_json":{"title":"Energy Capital","description":"De plataformas de \u00faltima generaci\u00f3n hasta flotas vers\u00e1tiles, Irish Energy Capital Management ofrece experiencia, seguridad y sostenibilidad.","robots":{"index":"index","follow":"follow","max-snippet":"max-snippet:-1","max-image-preview":"max-image-preview:large","max-video-preview":"max-video-preview:-1"},"canonical":"https:\/\/energycapital.ie\/es\/","og_locale":"es_ES","og_type":"article","og_title":"Impulsando el progreso en el sector energ\u00e9tico","og_description":"Desde plataformas de \u00faltima generaci\u00f3n hasta flotas vers\u00e1tiles, Irish Energy Capital Management ofrece experiencia, seguridad y sostenibilidad inigualables. Construyamos un futuro donde la innovaci\u00f3n genere impacto.","og_url":"https:\/\/energycapital.ie\/es\/","og_site_name":"Energy Capital","article_modified_time":"2025-08-22T19:31:45+00:00","og_image":[{"width":1200,"height":630,"url":"https:\/\/energycapital.ie\/wp-content\/uploads\/2024\/12\/IRISH_SEO.jpg","type":"image\/jpeg"}],"twitter_card":"summary_large_image","twitter_title":"Impulsando el progreso en el sector energ\u00e9tico","twitter_description":"Desde plataformas de \u00faltima generaci\u00f3n hasta flotas vers\u00e1tiles, Irish Energy Capital Management ofrece experiencia, seguridad y sostenibilidad inigualables. Construyamos un futuro donde la innovaci\u00f3n genere impacto.","twitter_image":"https:\/\/energycapital.ie\/wp-content\/uploads\/2024\/12\/IRISH_SEO.jpg","twitter_misc":{"Tiempo de lectura":"2 minutos"},"schema":{"@context":"https:\/\/schema.org","@graph":[{"@type":"WebPage","@id":"https:\/\/energycapital.ie\/es\/","url":"https:\/\/energycapital.ie\/es\/","name":"Energy Capital","isPartOf":{"@id":"https:\/\/energycapital.ie\/es\/#website"},"primaryImageOfPage":{"@id":"https:\/\/energycapital.ie\/es\/#primaryimage"},"image":{"@id":"https:\/\/energycapital.ie\/es\/#primaryimage"},"thumbnailUrl":"https:\/\/energycapital.ie\/wp-content\/uploads\/2024\/12\/IRISH_SEO.jpg","datePublished":"2025-07-03T22:35:31+00:00","dateModified":"2025-08-22T19:31:45+00:00","description":"De plataformas de \u00faltima generaci\u00f3n hasta flotas vers\u00e1tiles, Irish Energy Capital Management ofrece experiencia, seguridad y sostenibilidad.","breadcrumb":{"@id":"https:\/\/energycapital.ie\/es\/#breadcrumb"},"inLanguage":"es","potentialAction":[{"@type":"ReadAction","target":["https:\/\/energycapital.ie\/es\/"]}]},{"@type":"ImageObject","inLanguage":"es","@id":"https:\/\/energycapital.ie\/es\/#primaryimage","url":"https:\/\/energycapital.ie\/wp-content\/uploads\/2024\/12\/IRISH_SEO.jpg","contentUrl":"https:\/\/energycapital.ie\/wp-content\/uploads\/2024\/12\/IRISH_SEO.jpg","width":1200,"height":630},{"@type":"BreadcrumbList","@id":"https:\/\/energycapital.ie\/es\/#breadcrumb","itemListElement":[{"@type":"ListItem","position":1,"name":"Home","item":"https:\/\/energycapital.ie\/es\/"},{"@type":"ListItem","position":2,"name":"Inicio"}]},{"@type":"WebSite","@id":"https:\/\/energycapital.ie\/es\/#website","url":"https:\/\/energycapital.ie\/es\/","name":"Energy Capital","description":"","publisher":{"@id":"https:\/\/energycapital.ie\/es\/#organization"},"potentialAction":[{"@type":"SearchAction","target":{"@type":"EntryPoint","urlTemplate":"https:\/\/energycapital.ie\/es\/?s={search_term_string}"},"query-input":{"@type":"PropertyValueSpecification","valueRequired":true,"valueName":"search_term_string"}}],"inLanguage":"es"},{"@type":"Organization","@id":"https:\/\/energycapital.ie\/es\/#organization","name":"Energy Capital","url":"https:\/\/energycapital.ie\/es\/","logo":{"@type":"ImageObject","inLanguage":"es","@id":"https:\/\/energycapital.ie\/es\/#\/schema\/logo\/image\/","url":"https:\/\/energycapital.ie\/wp-content\/uploads\/2024\/09\/IRISH-ENERGY-logo-2.png","contentUrl":"https:\/\/energycapital.ie\/wp-content\/uploads\/2024\/09\/IRISH-ENERGY-logo-2.png","width":800,"height":321,"caption":"Energy Capital"},"image":{"@id":"https:\/\/energycapital.ie\/es\/#\/schema\/logo\/image\/"}}]}},"_links":{"self":[{"href":"https:\/\/energycapital.ie\/es\/wp-json\/wp\/v2\/pages\/1896","targetHints":{"allow":["GET"]}}],"collection":[{"href":"https:\/\/energycapital.ie\/es\/wp-json\/wp\/v2\/pages"}],"about":[{"href":"https:\/\/energycapital.ie\/es\/wp-json\/wp\/v2\/types\/page"}],"author":[{"embeddable":true,"href":"https:\/\/energycapital.ie\/es\/wp-json\/wp\/v2\/users\/4"}],"replies":[{"embeddable":true,"href":"https:\/\/energycapital.ie\/es\/wp-json\/wp\/v2\/comments?post=1896"}],"version-history":[{"count":25,"href":"https:\/\/energycapital.ie\/es\/wp-json\/wp\/v2\/pages\/1896\/revisions"}],"predecessor-version":[{"id":2546,"href":"https:\/\/energycapital.ie\/es\/wp-json\/wp\/v2\/pages\/1896\/revisions\/2546"}],"wp:featuredmedia":[{"embeddable":true,"href":"https:\/\/energycapital.ie\/es\/wp-json\/wp\/v2\/media\/1854"}],"wp:attachment":[{"href":"https:\/\/energycapital.ie\/es\/wp-json\/wp\/v2\/media?parent=1896"}],"curies":[{"name":"wp","href":"https:\/\/api.w.org\/{rel}","templated":true}]}}