{"id":1887,"date":"2025-07-03T22:32:17","date_gmt":"2025-07-03T22:32:17","guid":{"rendered":"https:\/\/energycapital.ie\/?page_id=1887"},"modified":"2025-08-14T18:27:10","modified_gmt":"2025-08-14T18:27:10","slug":"vision-2","status":"publish","type":"page","link":"https:\/\/energycapital.ie\/es\/vision-2\/","title":{"rendered":"Visi\u00f3n"},"content":{"rendered":"\t\t<div data-elementor-type=\"wp-page\" data-elementor-id=\"1887\" class=\"elementor elementor-1887 elementor-1886\" data-elementor-post-type=\"page\">\n\t\t\t\t<div class=\"elementor-element elementor-element-3dd4db8 e-con-full e-flex elementor-invisible e-con e-parent\" data-id=\"3dd4db8\" data-element_type=\"container\" id=\"topHeader\" data-settings=\"{&quot;background_background&quot;:&quot;classic&quot;,&quot;animation&quot;:&quot;fadeIn&quot;,&quot;background_motion_fx_motion_fx_scrolling&quot;:&quot;yes&quot;,&quot;background_motion_fx_translateY_effect&quot;:&quot;yes&quot;,&quot;background_motion_fx_translateY_direction&quot;:&quot;negative&quot;,&quot;background_motion_fx_translateY_speed&quot;:{&quot;unit&quot;:&quot;px&quot;,&quot;size&quot;:5,&quot;sizes&quot;:[]},&quot;background_motion_fx_translateY_affectedRange&quot;:{&quot;unit&quot;:&quot;%&quot;,&quot;size&quot;:&quot;&quot;,&quot;sizes&quot;:{&quot;start&quot;:0,&quot;end&quot;:100}},&quot;background_motion_fx_devices&quot;:[&quot;desktop&quot;,&quot;tablet&quot;,&quot;mobile&quot;]}\">\n\t\t\t\t<div class=\"elementor-element elementor-element-7c8ea4c elementor-widget elementor-widget-heading\" data-id=\"7c8ea4c\" data-element_type=\"widget\" data-widget_type=\"heading.default\">\n\t\t\t\t<div class=\"elementor-widget-container\">\n\t\t\t\t\t<h2 class=\"elementor-heading-title elementor-size-default\">Imaginamos un futuro en el que la seguridad y la sostenibilidad sean primordiales<\/h2>\t\t\t\t<\/div>\n\t\t\t\t<\/div>\n\t\t\t\t<\/div>\n\t\t<div class=\"elementor-element elementor-element-aeeb15f e-flex e-con-boxed e-con e-parent\" data-id=\"aeeb15f\" data-element_type=\"container\" data-settings=\"{&quot;background_background&quot;:&quot;classic&quot;}\">\n\t\t\t\t\t<div class=\"e-con-inner\">\n\t\t<div class=\"elementor-element elementor-element-d59c1b4 e-con-full e-flex e-con e-child\" data-id=\"d59c1b4\" data-element_type=\"container\">\n\t\t<div class=\"elementor-element elementor-element-4c9aa84 e-con-full elementor-hidden-mobile e-flex elementor-invisible e-con e-child\" data-id=\"4c9aa84\" data-element_type=\"container\" data-settings=\"{&quot;animation&quot;:&quot;fadeIn&quot;,&quot;animation_delay&quot;:300}\">\n\t\t\t\t<div class=\"elementor-element elementor-element-f478646 elementor-widget__width-initial elementor-hidden-mobile elementor-widget-divider--view-line elementor-widget elementor-widget-divider\" data-id=\"f478646\" data-element_type=\"widget\" data-widget_type=\"divider.default\">\n\t\t\t\t<div class=\"elementor-widget-container\">\n\t\t\t\t\t\t\t<div class=\"elementor-divider\">\n\t\t\t<span class=\"elementor-divider-separator\">\n\t\t\t\t\t\t<\/span>\n\t\t<\/div>\n\t\t\t\t\t\t<\/div>\n\t\t\t\t<\/div>\n\t\t\t\t<\/div>\n\t\t<div class=\"elementor-element elementor-element-57246c5 e-con-full e-flex elementor-invisible e-con e-child\" data-id=\"57246c5\" data-element_type=\"container\" data-settings=\"{&quot;animation&quot;:&quot;fadeIn&quot;,&quot;animation_delay&quot;:300}\">\n\t\t\t\t<div class=\"elementor-element elementor-element-3279bb6 elementor-widget elementor-widget-text-editor\" data-id=\"3279bb6\" data-element_type=\"widget\" data-widget_type=\"text-editor.default\">\n\t\t\t\t<div class=\"elementor-widget-container\">\n\t\t\t\t\t\t\t\t\tTOLERANCIA CERO<br>PARA EL COMPROMISO\t\t\t\t\t\t\t\t<\/div>\n\t\t\t\t<\/div>\n\t\t\t\t<\/div>\n\t\t<div class=\"elementor-element elementor-element-46f50ba e-con-full e-flex elementor-invisible e-con e-child\" data-id=\"46f50ba\" data-element_type=\"container\" data-settings=\"{&quot;animation&quot;:&quot;fadeIn&quot;,&quot;animation_delay&quot;:300}\">\n\t\t\t\t<div class=\"elementor-element elementor-element-f092be8 elementor-widget elementor-widget-text-editor\" data-id=\"f092be8\" data-element_type=\"widget\" data-widget_type=\"text-editor.default\">\n\t\t\t\t<div class=\"elementor-widget-container\">\n\t\t\t\t\t\t\t\t\t<p><span style=\"font-weight: 400;\">La seguridad no es una elecci\u00f3n; es un mandato. Nuestro compromiso inquebrantable de proteger a nuestra gente y al planeta es la piedra angular de todo lo que hacemos. Desde los sistemas de seguridad m\u00e1s avanzados hasta los rigurosos protocolos medioambientales, establecemos las normas m\u00e1s estrictas del sector. Nuestra incesante b\u00fasqueda de la excelencia garantiza que cada decisi\u00f3n que tomamos est\u00e9 impulsada por un profundo sentido de la responsabilidad.   <\/span><span style=\"font-weight: 400;\"><br><\/span><span style=\"font-weight: 400;\">Todos. Detalle. Importa.  <\/span><\/p>\t\t\t\t\t\t\t\t<\/div>\n\t\t\t\t<\/div>\n\t\t\t\t<\/div>\n\t\t\t\t<\/div>\n\t\t\t\t\t<\/div>\n\t\t\t\t<\/div>\n\t\t<div class=\"elementor-element elementor-element-99f45d0 e-con-full e-flex e-con e-parent\" data-id=\"99f45d0\" data-element_type=\"container\">\n\t\t<div class=\"elementor-element elementor-element-8d4631f e-con-full e-flex elementor-invisible e-con e-child\" data-id=\"8d4631f\" data-element_type=\"container\" data-settings=\"{&quot;background_background&quot;:&quot;classic&quot;,&quot;animation&quot;:&quot;fadeIn&quot;,&quot;animation_delay&quot;:600}\">\n\t\t\t\t<\/div>\n\t\t<div class=\"elementor-element elementor-element-fb94ab1 e-con-full e-flex elementor-invisible e-con e-child\" data-id=\"fb94ab1\" data-element_type=\"container\" data-settings=\"{&quot;background_background&quot;:&quot;classic&quot;,&quot;animation&quot;:&quot;fadeIn&quot;,&quot;animation_delay&quot;:300}\">\n\t\t\t\t<div class=\"elementor-element elementor-element-4db00c5 elementor-widget__width-inherit elementor-widget elementor-widget-heading\" data-id=\"4db00c5\" data-element_type=\"widget\" data-widget_type=\"heading.default\">\n\t\t\t\t<div class=\"elementor-widget-container\">\n\t\t\t\t\t<h2 class=\"elementor-heading-title elementor-size-default\">MEDIDAS DE SEGURIDAD<\/h2>\t\t\t\t<\/div>\n\t\t\t\t<\/div>\n\t\t\t\t<div class=\"elementor-element elementor-element-3ee04b1 elementor-widget elementor-widget-text-editor\" data-id=\"3ee04b1\" data-element_type=\"widget\" data-widget_type=\"text-editor.default\">\n\t\t\t\t<div class=\"elementor-widget-container\">\n\t\t\t\t\t\t\t\t\t<p><strong>Dise\u00f1o robusto del emplazamiento:<\/strong><br>Nuestras plataformas y buques est\u00e1n dise\u00f1ados pensando en la seguridad, con rutas de evacuaci\u00f3n claras, barreras robustas y sistemas avanzados de extinci\u00f3n de incendios.<\/p><p><strong>Supervisi\u00f3n en tiempo real:<\/strong><br>Sistemas de sensores avanzados para detectar incendios y supervisar la concentraci\u00f3n de gas, los niveles de ruido y las posibles fugas, garantizando una respuesta r\u00e1pida.<\/p><p><strong>Sistemas de respuesta en caso de emergencia:<\/strong><br>Equipados con equipos que salvan vidas y planes de evacuaci\u00f3n completos optimizados para una respuesta r\u00e1pida en caso de emergencia, y est\u00e1n armados con planes de actuaci\u00f3n r\u00e1pida.<\/p><p><strong>Protecci\u00f3n de Infraestructuras Cr\u00edticas:<\/strong><br>Estructuras reforzadas dise\u00f1adas para resistir los entornos marinos m\u00e1s duros, como olas, vientos y condiciones meteorol\u00f3gicas extremas.<\/p><p><strong>Cultura de seguridad:<\/strong><br>Promoci\u00f3n de una cultura en la que la seguridad es lo primero y en la que se anima a los empleados a informar de los peligros, participar en simulacros de seguridad y contribuir a las evaluaciones de seguridad.<\/p><p><strong>Autoridad para detener el trabajo:<\/strong><br>Todos, independientemente de su funci\u00f3n o jerarqu\u00eda, tienen derecho y se espera de ellos que detengan el trabajo realizado si consideran que una situaci\u00f3n no es segura. Cuando se trata de seguridad, todos tienen el mismo poder. <\/p>\t\t\t\t\t\t\t\t<\/div>\n\t\t\t\t<\/div>\n\t\t\t\t<\/div>\n\t\t\t\t<\/div>\n\t\t<div class=\"elementor-element elementor-element-22c7d85 e-con-full e-flex e-con e-parent\" data-id=\"22c7d85\" data-element_type=\"container\">\n\t\t<div class=\"elementor-element elementor-element-b727f17 e-con-full e-flex elementor-invisible e-con e-child\" data-id=\"b727f17\" data-element_type=\"container\" data-settings=\"{&quot;background_background&quot;:&quot;classic&quot;,&quot;animation&quot;:&quot;fadeIn&quot;,&quot;animation_delay&quot;:300}\">\n\t\t\t\t<div class=\"elementor-element elementor-element-5971978 elementor-widget__width-inherit elementor-widget elementor-widget-heading\" data-id=\"5971978\" data-element_type=\"widget\" data-widget_type=\"heading.default\">\n\t\t\t\t<div class=\"elementor-widget-container\">\n\t\t\t\t\t<h2 class=\"elementor-heading-title elementor-size-default\">PROTECCI\u00d3N DEL MEDIO AMBIENTE<\/h2>\t\t\t\t<\/div>\n\t\t\t\t<\/div>\n\t\t\t\t<div class=\"elementor-element elementor-element-b18f14b elementor-widget elementor-widget-text-editor\" data-id=\"b18f14b\" data-element_type=\"widget\" data-widget_type=\"text-editor.default\">\n\t\t\t\t<div class=\"elementor-widget-container\">\n\t\t\t\t\t\t\t\t\t<p>Proteger nuestro planeta es nuestra responsabilidad.<\/p><p><strong>Gesti\u00f3n de residuos:<\/strong> Nuestra aplicaci\u00f3n de sistemas impecables de gesti\u00f3n de residuos garantiza la eliminaci\u00f3n y el reciclaje adecuados de los materiales.<\/p><p><strong>Huella terrestre m\u00ednima:<\/strong> Nuestro compromiso nos empuja a dise\u00f1ar estrategias implacables que reduzcan la huella terrestre, preservando los ecosistemas y h\u00e1bitats circundantes.<\/p><p><strong>Tecnolog\u00edas de bajas emisiones:<\/strong> Impulsados por equipos y pr\u00e1cticas de vanguardia, nos esforzamos por reducir las emisiones de gases de efecto invernadero y minimizar la huella de carbono de las operaciones.<\/p>\t\t\t\t\t\t\t\t<\/div>\n\t\t\t\t<\/div>\n\t\t\t\t<\/div>\n\t\t<div class=\"elementor-element elementor-element-2cb7d77 e-con-full e-flex elementor-invisible e-con e-child\" data-id=\"2cb7d77\" data-element_type=\"container\" data-settings=\"{&quot;background_background&quot;:&quot;classic&quot;,&quot;animation&quot;:&quot;fadeIn&quot;,&quot;animation_delay&quot;:600}\">\n\t\t\t\t<\/div>\n\t\t\t\t<\/div>\n\t\t\t\t<\/div>\n\t\t","protected":false},"excerpt":{"rendered":"<p>Imaginamos un futuro en el que la seguridad y la sostenibilidad sean primordiales TOLERANCIA CEROPARA EL COMPROMISO La seguridad no es una elecci\u00f3n; es un mandato. Nuestro compromiso inquebrantable de proteger a nuestra gente y al planeta es la piedra angular de todo lo que hacemos. Desde los sistemas de seguridad m\u00e1s avanzados hasta los [&hellip;]<\/p>\n","protected":false},"author":4,"featured_media":1854,"parent":0,"menu_order":0,"comment_status":"closed","ping_status":"closed","template":"","meta":{"footnotes":""},"class_list":["post-1887","page","type-page","status-publish","has-post-thumbnail","hentry"],"yoast_head":"<!-- This site is optimized with the Yoast SEO plugin v25.3.1 - https:\/\/yoast.com\/wordpress\/plugins\/seo\/ -->\n<title>Visi\u00f3n - Energy Capital<\/title>\n<meta name=\"description\" content=\"Desde plataformas de \u00faltima generaci\u00f3n hasta flotas vers\u00e1tiles, Irish Energy Capital Management ofrece una experiencia, seguridad y sostenibilidad inigualables.\" \/>\n<meta name=\"robots\" content=\"index, follow, max-snippet:-1, max-image-preview:large, max-video-preview:-1\" \/>\n<link rel=\"canonical\" href=\"https:\/\/energycapital.ie\/es\/vision-2\/\" \/>\n<meta property=\"og:locale\" content=\"es_ES\" \/>\n<meta property=\"og:type\" content=\"article\" \/>\n<meta property=\"og:title\" content=\"Impulsar el progreso en el sector energ\u00e9tico\" \/>\n<meta property=\"og:description\" content=\"Desde plataformas de \u00faltima generaci\u00f3n hasta flotas vers\u00e1tiles, Irish Energy Capital Management ofrece una experiencia, seguridad y sostenibilidad inigualables. Construyamos un futuro en el que la innovaci\u00f3n impulse el impacto.\" \/>\n<meta property=\"og:url\" content=\"https:\/\/energycapital.ie\/es\/vision-2\/\" \/>\n<meta property=\"og:site_name\" content=\"Energy Capital\" \/>\n<meta property=\"article:modified_time\" content=\"2025-08-14T18:27:10+00:00\" \/>\n<meta property=\"og:image\" content=\"https:\/\/energycapital.ie\/wp-content\/uploads\/2024\/12\/IRISH_SEO.jpg\" \/>\n\t<meta property=\"og:image:width\" content=\"1200\" \/>\n\t<meta property=\"og:image:height\" content=\"630\" \/>\n\t<meta property=\"og:image:type\" content=\"image\/jpeg\" \/>\n<meta name=\"twitter:card\" content=\"summary_large_image\" \/>\n<meta name=\"twitter:title\" content=\"Impulsar el progreso en el sector energ\u00e9tico\" \/>\n<meta name=\"twitter:description\" content=\"Desde plataformas de \u00faltima generaci\u00f3n hasta flotas vers\u00e1tiles, Irish Energy Capital Management ofrece una experiencia, seguridad y sostenibilidad inigualables. Construyamos un futuro en el que la innovaci\u00f3n impulse el impacto.\" \/>\n<meta name=\"twitter:image\" content=\"https:\/\/energycapital.ie\/wp-content\/uploads\/2024\/12\/IRISH_SEO.jpg\" \/>\n<meta name=\"twitter:label1\" content=\"Tiempo de lectura\" \/>\n\t<meta name=\"twitter:data1\" content=\"2 minutos\" \/>\n<script type=\"application\/ld+json\" class=\"yoast-schema-graph\">{\"@context\":\"https:\/\/schema.org\",\"@graph\":[{\"@type\":\"WebPage\",\"@id\":\"https:\/\/energycapital.ie\/es\/vision-2\/\",\"url\":\"https:\/\/energycapital.ie\/es\/vision-2\/\",\"name\":\"Visi\u00f3n - Energy Capital\",\"isPartOf\":{\"@id\":\"https:\/\/energycapital.ie\/es\/#website\"},\"primaryImageOfPage\":{\"@id\":\"https:\/\/energycapital.ie\/es\/vision-2\/#primaryimage\"},\"image\":{\"@id\":\"https:\/\/energycapital.ie\/es\/vision-2\/#primaryimage\"},\"thumbnailUrl\":\"https:\/\/energycapital.ie\/wp-content\/uploads\/2024\/12\/IRISH_SEO.jpg\",\"datePublished\":\"2025-07-03T22:32:17+00:00\",\"dateModified\":\"2025-08-14T18:27:10+00:00\",\"description\":\"Desde plataformas de \u00faltima generaci\u00f3n hasta flotas vers\u00e1tiles, Irish Energy Capital Management ofrece una experiencia, seguridad y sostenibilidad inigualables.\",\"breadcrumb\":{\"@id\":\"https:\/\/energycapital.ie\/es\/vision-2\/#breadcrumb\"},\"inLanguage\":\"es\",\"potentialAction\":[{\"@type\":\"ReadAction\",\"target\":[\"https:\/\/energycapital.ie\/es\/vision-2\/\"]}]},{\"@type\":\"ImageObject\",\"inLanguage\":\"es\",\"@id\":\"https:\/\/energycapital.ie\/es\/vision-2\/#primaryimage\",\"url\":\"https:\/\/energycapital.ie\/wp-content\/uploads\/2024\/12\/IRISH_SEO.jpg\",\"contentUrl\":\"https:\/\/energycapital.ie\/wp-content\/uploads\/2024\/12\/IRISH_SEO.jpg\",\"width\":1200,\"height\":630},{\"@type\":\"BreadcrumbList\",\"@id\":\"https:\/\/energycapital.ie\/es\/vision-2\/#breadcrumb\",\"itemListElement\":[{\"@type\":\"ListItem\",\"position\":1,\"name\":\"Home\",\"item\":\"https:\/\/energycapital.ie\/es\/\"},{\"@type\":\"ListItem\",\"position\":2,\"name\":\"Visi\u00f3n\"}]},{\"@type\":\"WebSite\",\"@id\":\"https:\/\/energycapital.ie\/es\/#website\",\"url\":\"https:\/\/energycapital.ie\/es\/\",\"name\":\"Energy Capital\",\"description\":\"\",\"publisher\":{\"@id\":\"https:\/\/energycapital.ie\/es\/#organization\"},\"potentialAction\":[{\"@type\":\"SearchAction\",\"target\":{\"@type\":\"EntryPoint\",\"urlTemplate\":\"https:\/\/energycapital.ie\/es\/?s={search_term_string}\"},\"query-input\":{\"@type\":\"PropertyValueSpecification\",\"valueRequired\":true,\"valueName\":\"search_term_string\"}}],\"inLanguage\":\"es\"},{\"@type\":\"Organization\",\"@id\":\"https:\/\/energycapital.ie\/es\/#organization\",\"name\":\"Energy Capital\",\"url\":\"https:\/\/energycapital.ie\/es\/\",\"logo\":{\"@type\":\"ImageObject\",\"inLanguage\":\"es\",\"@id\":\"https:\/\/energycapital.ie\/es\/#\/schema\/logo\/image\/\",\"url\":\"https:\/\/energycapital.ie\/wp-content\/uploads\/2024\/09\/IRISH-ENERGY-logo-2.png\",\"contentUrl\":\"https:\/\/energycapital.ie\/wp-content\/uploads\/2024\/09\/IRISH-ENERGY-logo-2.png\",\"width\":800,\"height\":321,\"caption\":\"Energy Capital\"},\"image\":{\"@id\":\"https:\/\/energycapital.ie\/es\/#\/schema\/logo\/image\/\"}}]}<\/script>\n<!-- \/ Yoast SEO plugin. -->","yoast_head_json":{"title":"Visi\u00f3n - Energy Capital","description":"Desde plataformas de \u00faltima generaci\u00f3n hasta flotas vers\u00e1tiles, Irish Energy Capital Management ofrece una experiencia, seguridad y sostenibilidad inigualables.","robots":{"index":"index","follow":"follow","max-snippet":"max-snippet:-1","max-image-preview":"max-image-preview:large","max-video-preview":"max-video-preview:-1"},"canonical":"https:\/\/energycapital.ie\/es\/vision-2\/","og_locale":"es_ES","og_type":"article","og_title":"Impulsar el progreso en el sector energ\u00e9tico","og_description":"Desde plataformas de \u00faltima generaci\u00f3n hasta flotas vers\u00e1tiles, Irish Energy Capital Management ofrece una experiencia, seguridad y sostenibilidad inigualables. Construyamos un futuro en el que la innovaci\u00f3n impulse el impacto.","og_url":"https:\/\/energycapital.ie\/es\/vision-2\/","og_site_name":"Energy Capital","article_modified_time":"2025-08-14T18:27:10+00:00","og_image":[{"width":1200,"height":630,"url":"https:\/\/energycapital.ie\/wp-content\/uploads\/2024\/12\/IRISH_SEO.jpg","type":"image\/jpeg"}],"twitter_card":"summary_large_image","twitter_title":"Impulsar el progreso en el sector energ\u00e9tico","twitter_description":"Desde plataformas de \u00faltima generaci\u00f3n hasta flotas vers\u00e1tiles, Irish Energy Capital Management ofrece una experiencia, seguridad y sostenibilidad inigualables. Construyamos un futuro en el que la innovaci\u00f3n impulse el impacto.","twitter_image":"https:\/\/energycapital.ie\/wp-content\/uploads\/2024\/12\/IRISH_SEO.jpg","twitter_misc":{"Tiempo de lectura":"2 minutos"},"schema":{"@context":"https:\/\/schema.org","@graph":[{"@type":"WebPage","@id":"https:\/\/energycapital.ie\/es\/vision-2\/","url":"https:\/\/energycapital.ie\/es\/vision-2\/","name":"Visi\u00f3n - Energy Capital","isPartOf":{"@id":"https:\/\/energycapital.ie\/es\/#website"},"primaryImageOfPage":{"@id":"https:\/\/energycapital.ie\/es\/vision-2\/#primaryimage"},"image":{"@id":"https:\/\/energycapital.ie\/es\/vision-2\/#primaryimage"},"thumbnailUrl":"https:\/\/energycapital.ie\/wp-content\/uploads\/2024\/12\/IRISH_SEO.jpg","datePublished":"2025-07-03T22:32:17+00:00","dateModified":"2025-08-14T18:27:10+00:00","description":"Desde plataformas de \u00faltima generaci\u00f3n hasta flotas vers\u00e1tiles, Irish Energy Capital Management ofrece una experiencia, seguridad y sostenibilidad inigualables.","breadcrumb":{"@id":"https:\/\/energycapital.ie\/es\/vision-2\/#breadcrumb"},"inLanguage":"es","potentialAction":[{"@type":"ReadAction","target":["https:\/\/energycapital.ie\/es\/vision-2\/"]}]},{"@type":"ImageObject","inLanguage":"es","@id":"https:\/\/energycapital.ie\/es\/vision-2\/#primaryimage","url":"https:\/\/energycapital.ie\/wp-content\/uploads\/2024\/12\/IRISH_SEO.jpg","contentUrl":"https:\/\/energycapital.ie\/wp-content\/uploads\/2024\/12\/IRISH_SEO.jpg","width":1200,"height":630},{"@type":"BreadcrumbList","@id":"https:\/\/energycapital.ie\/es\/vision-2\/#breadcrumb","itemListElement":[{"@type":"ListItem","position":1,"name":"Home","item":"https:\/\/energycapital.ie\/es\/"},{"@type":"ListItem","position":2,"name":"Visi\u00f3n"}]},{"@type":"WebSite","@id":"https:\/\/energycapital.ie\/es\/#website","url":"https:\/\/energycapital.ie\/es\/","name":"Energy Capital","description":"","publisher":{"@id":"https:\/\/energycapital.ie\/es\/#organization"},"potentialAction":[{"@type":"SearchAction","target":{"@type":"EntryPoint","urlTemplate":"https:\/\/energycapital.ie\/es\/?s={search_term_string}"},"query-input":{"@type":"PropertyValueSpecification","valueRequired":true,"valueName":"search_term_string"}}],"inLanguage":"es"},{"@type":"Organization","@id":"https:\/\/energycapital.ie\/es\/#organization","name":"Energy Capital","url":"https:\/\/energycapital.ie\/es\/","logo":{"@type":"ImageObject","inLanguage":"es","@id":"https:\/\/energycapital.ie\/es\/#\/schema\/logo\/image\/","url":"https:\/\/energycapital.ie\/wp-content\/uploads\/2024\/09\/IRISH-ENERGY-logo-2.png","contentUrl":"https:\/\/energycapital.ie\/wp-content\/uploads\/2024\/09\/IRISH-ENERGY-logo-2.png","width":800,"height":321,"caption":"Energy Capital"},"image":{"@id":"https:\/\/energycapital.ie\/es\/#\/schema\/logo\/image\/"}}]}},"_links":{"self":[{"href":"https:\/\/energycapital.ie\/es\/wp-json\/wp\/v2\/pages\/1887","targetHints":{"allow":["GET"]}}],"collection":[{"href":"https:\/\/energycapital.ie\/es\/wp-json\/wp\/v2\/pages"}],"about":[{"href":"https:\/\/energycapital.ie\/es\/wp-json\/wp\/v2\/types\/page"}],"author":[{"embeddable":true,"href":"https:\/\/energycapital.ie\/es\/wp-json\/wp\/v2\/users\/4"}],"replies":[{"embeddable":true,"href":"https:\/\/energycapital.ie\/es\/wp-json\/wp\/v2\/comments?post=1887"}],"version-history":[{"count":5,"href":"https:\/\/energycapital.ie\/es\/wp-json\/wp\/v2\/pages\/1887\/revisions"}],"predecessor-version":[{"id":2408,"href":"https:\/\/energycapital.ie\/es\/wp-json\/wp\/v2\/pages\/1887\/revisions\/2408"}],"wp:featuredmedia":[{"embeddable":true,"href":"https:\/\/energycapital.ie\/es\/wp-json\/wp\/v2\/media\/1854"}],"wp:attachment":[{"href":"https:\/\/energycapital.ie\/es\/wp-json\/wp\/v2\/media?parent=1887"}],"curies":[{"name":"wp","href":"https:\/\/api.w.org\/{rel}","templated":true}]}}